{"id":114946,"date":"2024-04-01T07:29:11","date_gmt":"2024-04-01T05:29:11","guid":{"rendered":"https:\/\/gitesdewallonie.be\/send-a-message-to-the-owner\/"},"modified":"2024-09-12T15:05:32","modified_gmt":"2024-09-12T13:05:32","slug":"send-a-message-to-the-owner","status":"publish","type":"page","link":"https:\/\/gitesdewallonie.be\/en\/send-a-message-to-the-owner\/","title":{"rendered":"Send a message to the owner!"},"content":{"rendered":"\n<div class=\"wp-block-group is-layout-constrained wp-block-group-is-layout-constrained\">\n<div class=\"wp-block-buttons is-layout-flex wp-block-buttons-is-layout-flex\">\n<div class=\"wp-block-button-wrapper\"><div class=\"wp-block-button lodging-back-btn\"><a class=\"wp-block-button__link has-contrast-color has-text-color has-background has-link-color wp-element-button\" style=\"background-color:#ffffff00\">Back<\/a><\/div><\/div>\n<\/div>\n\n\n\n<div class=\"wp-block-columns make-a-reservation-form-container is-layout-flex wp-container-core-columns-is-layout-f2b4f319 wp-block-columns-is-layout-flex\">\n<div class=\"wp-block-column is-layout-flow wp-block-column-is-layout-flow\" style=\"flex-basis:65%\">\n<div class=\"wp-block-fidelo-fd-form fd_form_wrapper make-a-reservation-form\" data-type=\"fd_block\" id=\"gdw_make_reservation\"><div class=\"container\"><form method=\"POST\" action=\"#\" data-action=\"custom-php\" data-formname=\"gdw_make_reservation\"><input type=\"hidden\" name=\"action\" value=\"custom-php\"\/>\n<fieldset data-type=\"fd_block\" class=\"wp-block-fidelo-fd-form-fieldset fd_form_fieldset\" data-columns=\"2\">\n<div data-type=\"fd_item\" class=\"wp-block-fidelo-fd-form-field fd_form_field\" data-field=\"name\" data-value=\"Nom\" data-required=\"true\" data-field-group=\"\" data-field-option=\"\" data-attributes=\"default\" data-defaultvalue=\"\" data-placeholder=\"\"><div class=\"field field-input field-name\"><label class=\"labelTop\">Name <span>*<\/span><\/label><input type=\"text\" id=\"form-contact-name\" name=\"lastname\" value=\"\" placeholder=\"\" required=\"\"><\/div><\/div>\n\n\n\n<div data-type=\"fd_item\" class=\"wp-block-fidelo-fd-form-field fd_form_field\" data-field=\"firstname\" data-value=\"Pr\u00e9nom\" data-required=\"true\" data-field-group=\"\" data-field-option=\"\" data-attributes=\"default\" data-defaultvalue=\"\" data-placeholder=\"\"><div class=\"field field-input field-firstname\"><label class=\"labelTop\">First name <span>*<\/span><\/label><input type=\"text\" id=\"form-contact-firstname\" name=\"firstname\" value=\"\" placeholder=\"\" required=\"\"><\/div><\/div>\n\n\n\n<div data-type=\"fd_item\" class=\"wp-block-fidelo-fd-form-field fd_form_field\" data-field=\"mail\" data-value=\"E-mail\" data-required=\"true\" data-field-group=\"\" data-field-option=\"\" data-attributes=\"default\" data-defaultvalue=\"\" data-placeholder=\"\"><div class=\"field field-input field-email\"><label class=\"labelTop\">E-mail <span>*<\/span><\/label><input type=\"email\" id=\"form-contact-email\" name=\"email\" placeholder=\"\" value=\"\" required=\"\"><\/div><\/div>\n\n\n\n<div data-type=\"fd_item\" class=\"wp-block-fidelo-fd-form-field fd_form_field\" data-field=\"tel\" data-value=\"Num\u00e9ro de t\u00e9l\u00e9phone  \" data-required=\"false\" data-field-group=\"\" data-field-option=\"\" data-attributes=\"default\" data-defaultvalue=\"\" data-placeholder=\"\"><div class=\"field field-input field-phone\"><label class=\"labelTop\">Phone number  <span><\/span><\/label><input type=\"tel\" name=\"phone\" placeholder=\"\" value=\"\"><\/div><\/div>\n<\/fieldset>\n\n\n\n<fieldset data-type=\"fd_block\" class=\"wp-block-fidelo-fd-form-fieldset fd_form_fieldset\" data-columns=\"1\">\n<div data-type=\"fd_item\" class=\"wp-block-fidelo-fd-form-field fd_form_field\" data-field=\"input.textarea\" data-value=\"Votre message\" data-required=\"true\" data-field-group=\"\" data-field-option=\"\" data-attributes=\"default\" data-defaultvalue=\"\" data-placeholder=\"\"><div class=\"field field-textarea\"><label class=\"labelTop\">Your message <span>*<\/span><\/label><textarea id=\"form-contact-message\" name=\"form-contact-message\" placeholder=\"\" required=\"\"><\/textarea><\/div><\/div>\n<\/fieldset>\n\n\n\n<div data-type=\"fd_item\" class=\"wp-block-fidelo-fd-form-submit fd_form_submit\" data-politics=\"true\" data-captcha=\"true\"><div class=\"submit-box\"><div class=\"politicsMention\"><input type=\"checkbox\" name=\"validationPoliticsCheckBox\" id=\"validationPoliticsCheckBox\" class=\"\"><label class=\"labelFor cookiePolicyAccept\">I agree that my data may be collected in order to process my request, in accordance with our <a href=\"https:\/\/gitesdewallonie.be\/en\/privacy-policy\/\" data-type=\"page\" data-id=\"3\">privacy policy<\/a>.<\/label><\/div><div class=\"submit-button\"><input type=\"submit\" value=\"Send\"><\/div><\/div><\/div>\n<\/form><\/div><\/div>\n<\/div>\n\n\n\n<div class=\"wp-block-column reservation-summary-info-container is-layout-flow wp-block-column-is-layout-flow\" style=\"flex-basis:35%\">\n<p class=\"reservation-summary-info-container-label\">Summary<\/p>\n\n\n\n<div id=\"makeReservationInformations\" class=\"wp-block-group is-layout-constrained wp-block-group-is-layout-constrained\">\n<p><\/p>\n<\/div>\n<\/div>\n<\/div>\n<\/div>\n","protected":false},"excerpt":{"rendered":"Summary","protected":false},"author":1,"featured_media":0,"parent":0,"menu_order":0,"comment_status":"closed","ping_status":"closed","template":"pink-page","meta":{"footnotes":""},"class_list":["post-114946","page","type-page","status-publish","hentry"],"yoast_head":"<!-- This site is optimized with the Yoast SEO Premium plugin v26.7 (Yoast SEO v26.7) - https:\/\/yoast.com\/wordpress\/plugins\/seo\/ -->\n<title>Send a message to the owner! - gitesdewallonie.be<\/title>\n<meta name=\"robots\" content=\"index, follow, max-snippet:-1, max-image-preview:large, max-video-preview:-1\" \/>\n<link rel=\"canonical\" href=\"https:\/\/gitesdewallonie.be\/en\/send-a-message-to-the-owner\/\" \/>\n<meta property=\"og:locale\" content=\"en_US\" \/>\n<meta property=\"og:type\" content=\"article\" \/>\n<meta property=\"og:title\" content=\"Send a message to the owner!\" \/>\n<meta property=\"og:description\" content=\"Summary\" \/>\n<meta property=\"og:url\" content=\"https:\/\/gitesdewallonie.be\/en\/send-a-message-to-the-owner\/\" \/>\n<meta property=\"og:site_name\" content=\"gitesdewallonie.be\" \/>\n<meta property=\"article:publisher\" content=\"https:\/\/www.facebook.com\/GitesdeWallonie\" \/>\n<meta property=\"article:modified_time\" content=\"2024-09-12T13:05:32+00:00\" \/>\n<meta name=\"twitter:card\" content=\"summary_large_image\" \/>\n<script type=\"application\/ld+json\" class=\"yoast-schema-graph\">{\"@context\":\"https:\/\/schema.org\",\"@graph\":[{\"@type\":\"WebPage\",\"@id\":\"https:\/\/gitesdewallonie.be\/en\/send-a-message-to-the-owner\/\",\"url\":\"https:\/\/gitesdewallonie.be\/en\/send-a-message-to-the-owner\/\",\"name\":\"Send a message to the owner! - gitesdewallonie.be\",\"isPartOf\":{\"@id\":\"https:\/\/gitesdewallonie.be\/en\/#website\"},\"datePublished\":\"2024-04-01T05:29:11+00:00\",\"dateModified\":\"2024-09-12T13:05:32+00:00\",\"breadcrumb\":{\"@id\":\"https:\/\/gitesdewallonie.be\/en\/send-a-message-to-the-owner\/#breadcrumb\"},\"inLanguage\":\"en-US\",\"potentialAction\":[{\"@type\":\"ReadAction\",\"target\":[\"https:\/\/gitesdewallonie.be\/en\/send-a-message-to-the-owner\/\"]}]},{\"@type\":\"BreadcrumbList\",\"@id\":\"https:\/\/gitesdewallonie.be\/en\/send-a-message-to-the-owner\/#breadcrumb\",\"itemListElement\":[{\"@type\":\"ListItem\",\"position\":1,\"name\":\"Accueil\",\"item\":\"https:\/\/gitesdewallonie.be\/en\/\"},{\"@type\":\"ListItem\",\"position\":2,\"name\":\"Send a message to the owner!\"}]},{\"@type\":\"WebSite\",\"@id\":\"https:\/\/gitesdewallonie.be\/en\/#website\",\"url\":\"https:\/\/gitesdewallonie.be\/en\/\",\"name\":\"F\u00e9d\u00e9ration des G\u00eetes et Chambres d'h\u00f4tes de Wallonie\",\"description\":\"\",\"publisher\":{\"@id\":\"https:\/\/gitesdewallonie.be\/en\/#organization\"},\"potentialAction\":[{\"@type\":\"SearchAction\",\"target\":{\"@type\":\"EntryPoint\",\"urlTemplate\":\"https:\/\/gitesdewallonie.be\/en\/?s={search_term_string}\"},\"query-input\":{\"@type\":\"PropertyValueSpecification\",\"valueRequired\":true,\"valueName\":\"search_term_string\"}}],\"inLanguage\":\"en-US\"},{\"@type\":\"Organization\",\"@id\":\"https:\/\/gitesdewallonie.be\/en\/#organization\",\"name\":\"F\u00e9d\u00e9ration des G\u00eetes et Chambres d'h\u00f4tes de Wallonie\",\"alternateName\":\"GDW\",\"url\":\"https:\/\/gitesdewallonie.be\/en\/\",\"logo\":{\"@type\":\"ImageObject\",\"inLanguage\":\"en-US\",\"@id\":\"https:\/\/gitesdewallonie.be\/en\/#\/schema\/logo\/image\/\",\"url\":\"https:\/\/gitesdewallonie.be\/wp-content\/uploads\/2024\/08\/logo-gdw.svg\",\"contentUrl\":\"https:\/\/gitesdewallonie.be\/wp-content\/uploads\/2024\/08\/logo-gdw.svg\",\"caption\":\"F\u00e9d\u00e9ration des G\u00eetes et Chambres d'h\u00f4tes de Wallonie\"},\"image\":{\"@id\":\"https:\/\/gitesdewallonie.be\/en\/#\/schema\/logo\/image\/\"},\"sameAs\":[\"https:\/\/www.facebook.com\/GitesdeWallonie\",\"https:\/\/www.instagram.com\/gitesdewallonie.be\/\"]}]}<\/script>\n<!-- \/ Yoast SEO Premium plugin. -->","yoast_head_json":{"title":"Send a message to the owner! - gitesdewallonie.be","robots":{"index":"index","follow":"follow","max-snippet":"max-snippet:-1","max-image-preview":"max-image-preview:large","max-video-preview":"max-video-preview:-1"},"canonical":"https:\/\/gitesdewallonie.be\/en\/send-a-message-to-the-owner\/","og_locale":"en_US","og_type":"article","og_title":"Send a message to the owner!","og_description":"Summary","og_url":"https:\/\/gitesdewallonie.be\/en\/send-a-message-to-the-owner\/","og_site_name":"gitesdewallonie.be","article_publisher":"https:\/\/www.facebook.com\/GitesdeWallonie","article_modified_time":"2024-09-12T13:05:32+00:00","twitter_card":"summary_large_image","schema":{"@context":"https:\/\/schema.org","@graph":[{"@type":"WebPage","@id":"https:\/\/gitesdewallonie.be\/en\/send-a-message-to-the-owner\/","url":"https:\/\/gitesdewallonie.be\/en\/send-a-message-to-the-owner\/","name":"Send a message to the owner! - gitesdewallonie.be","isPartOf":{"@id":"https:\/\/gitesdewallonie.be\/en\/#website"},"datePublished":"2024-04-01T05:29:11+00:00","dateModified":"2024-09-12T13:05:32+00:00","breadcrumb":{"@id":"https:\/\/gitesdewallonie.be\/en\/send-a-message-to-the-owner\/#breadcrumb"},"inLanguage":"en-US","potentialAction":[{"@type":"ReadAction","target":["https:\/\/gitesdewallonie.be\/en\/send-a-message-to-the-owner\/"]}]},{"@type":"BreadcrumbList","@id":"https:\/\/gitesdewallonie.be\/en\/send-a-message-to-the-owner\/#breadcrumb","itemListElement":[{"@type":"ListItem","position":1,"name":"Accueil","item":"https:\/\/gitesdewallonie.be\/en\/"},{"@type":"ListItem","position":2,"name":"Send a message to the owner!"}]},{"@type":"WebSite","@id":"https:\/\/gitesdewallonie.be\/en\/#website","url":"https:\/\/gitesdewallonie.be\/en\/","name":"F\u00e9d\u00e9ration des G\u00eetes et Chambres d'h\u00f4tes de Wallonie","description":"","publisher":{"@id":"https:\/\/gitesdewallonie.be\/en\/#organization"},"potentialAction":[{"@type":"SearchAction","target":{"@type":"EntryPoint","urlTemplate":"https:\/\/gitesdewallonie.be\/en\/?s={search_term_string}"},"query-input":{"@type":"PropertyValueSpecification","valueRequired":true,"valueName":"search_term_string"}}],"inLanguage":"en-US"},{"@type":"Organization","@id":"https:\/\/gitesdewallonie.be\/en\/#organization","name":"F\u00e9d\u00e9ration des G\u00eetes et Chambres d'h\u00f4tes de Wallonie","alternateName":"GDW","url":"https:\/\/gitesdewallonie.be\/en\/","logo":{"@type":"ImageObject","inLanguage":"en-US","@id":"https:\/\/gitesdewallonie.be\/en\/#\/schema\/logo\/image\/","url":"https:\/\/gitesdewallonie.be\/wp-content\/uploads\/2024\/08\/logo-gdw.svg","contentUrl":"https:\/\/gitesdewallonie.be\/wp-content\/uploads\/2024\/08\/logo-gdw.svg","caption":"F\u00e9d\u00e9ration des G\u00eetes et Chambres d'h\u00f4tes de Wallonie"},"image":{"@id":"https:\/\/gitesdewallonie.be\/en\/#\/schema\/logo\/image\/"},"sameAs":["https:\/\/www.facebook.com\/GitesdeWallonie","https:\/\/www.instagram.com\/gitesdewallonie.be\/"]}]}},"_links":{"self":[{"href":"https:\/\/gitesdewallonie.be\/en\/wp-json\/wp\/v2\/pages\/114946","targetHints":{"allow":["GET"]}}],"collection":[{"href":"https:\/\/gitesdewallonie.be\/en\/wp-json\/wp\/v2\/pages"}],"about":[{"href":"https:\/\/gitesdewallonie.be\/en\/wp-json\/wp\/v2\/types\/page"}],"author":[{"embeddable":true,"href":"https:\/\/gitesdewallonie.be\/en\/wp-json\/wp\/v2\/users\/1"}],"replies":[{"embeddable":true,"href":"https:\/\/gitesdewallonie.be\/en\/wp-json\/wp\/v2\/comments?post=114946"}],"version-history":[{"count":3,"href":"https:\/\/gitesdewallonie.be\/en\/wp-json\/wp\/v2\/pages\/114946\/revisions"}],"predecessor-version":[{"id":114949,"href":"https:\/\/gitesdewallonie.be\/en\/wp-json\/wp\/v2\/pages\/114946\/revisions\/114949"}],"wp:attachment":[{"href":"https:\/\/gitesdewallonie.be\/en\/wp-json\/wp\/v2\/media?parent=114946"}],"curies":[{"name":"wp","href":"https:\/\/api.w.org\/{rel}","templated":true}]}}