{"id":114388,"date":"2024-09-04T21:38:16","date_gmt":"2024-09-04T19:38:16","guid":{"rendered":"https:\/\/gitesdewallonie.be\/bestemmingen\/"},"modified":"2025-05-23T15:03:46","modified_gmt":"2025-05-23T13:03:46","slug":"bestemmingen","status":"publish","type":"page","link":"https:\/\/gitesdewallonie.be\/nl\/bestemmingen\/","title":{"rendered":"Bestemmingen"},"content":{"rendered":"\n<h2 class=\"wp-block-heading\">Welkom in Walloni\u00eb<\/h2>\n\n\n\n<p>Walloni\u00eb is Franstalig Belgi\u00eb ! Samen met Vlaanderen en Brussel is het een van de 3 gewesten van Belgi\u00eb. Grenzend aan Duitsland, het Groothertogdom Luxemburg en Frankrijk wordt hier Frans gesproken, maar ook Duits in het uiterste oosten. Walloni\u00eb ligt in het zuiden van Belgi\u00eb en biedt een verscheidenheid aan heuvelachtige en gevarieerde landschappen. Namen is de hoofdstad van deze Belgische regio. Het hoogste punt is het Signal de Botrange op 694 m. Een rivier, de Maas, doorkruist het grondgebied. Walloni\u00eb bestaat uit 5 provincies (Waals-Brabant, Henegouwen, Namen, Luik en Luxemburg).        <br><strong><\/strong><\/p>\n\n\n\n<p>Denk je dat Walloni\u00eb een vlak land is? Denk er nog maar eens over na! Walloni\u00eb heeft een verscheidenheid aan landschappen en heuvelachtige streken: heuvelland, land van valleien, land van bossen, enz. Onderweg ontdek je charmante stadjes en dorpjes zoals Dinant, Bouillon, Waterloo, Spa, Chimay, Saint-Hubert en nog veel meer. De regio is rijk aan natuurlijke schatten (rivieren, bossen, rotsen, enz.). Er zijn talloze natuurreservaten, parken, tuinen en grotten, stuk voor stuk echte natuurschatten en een bewijs van de natuurlijke rijkdom. Maar het is ook de bucolische charme van het platteland.      <\/p>\n\n\n\n<p>Ten zuiden van deze regio liggen de Ardennen, een echte groene long. Het is de groenste streek van het land, bezaaid met pittoreske, authentieke dorpjes. De streek wordt doorkruist door een aantal kristalheldere rivieren en beekjes en bestaat uit talloze groene, beboste valleien. Het is een ideaal terrein voor wandelingen en trektochten, of fietsen voor de avonturiers.   <\/p>\n\n\n\n<p>Walloni\u00eb is de perfecte bestemming om er even helemaal tussenuit te zijn, om te ontspannen of om er alleen, met z&#8217;n twee\u00ebn, met het gezin of met vrienden tussenuit te gaan !<\/p>\n\n\n\n<div style=\"height:100px\" aria-hidden=\"true\" class=\"wp-block-spacer\"><\/div>\n","protected":false},"excerpt":{"rendered":"Welkom in Walloni\u00eb Walloni\u00eb is Franstalig Belgi\u00eb ! Samen met Vlaanderen en Brussel is het een van de 3 gewesten van Belgi\u00eb. Grenzend aan Duitsland, het Groothertogdom Luxemburg en Frankrijk wordt hier Frans gesproken, maar ook Duits in het uiterste oosten. Walloni\u00eb ligt in het zuiden van Belgi\u00eb en biedt een verscheidenheid aan heuvelachtige en [&hellip;]","protected":false},"author":2,"featured_media":0,"parent":0,"menu_order":0,"comment_status":"closed","ping_status":"closed","template":"","meta":{"footnotes":""},"class_list":["post-114388","page","type-page","status-publish","hentry"],"yoast_head":"<!-- This site is optimized with the Yoast SEO Premium plugin v26.7 (Yoast SEO v26.7) - https:\/\/yoast.com\/wordpress\/plugins\/seo\/ -->\n<title>Bestemmingen - gitesdewallonie.be<\/title>\n<meta name=\"robots\" content=\"index, follow, max-snippet:-1, max-image-preview:large, max-video-preview:-1\" \/>\n<link rel=\"canonical\" href=\"https:\/\/gitesdewallonie.be\/nl\/bestemmingen\/\" \/>\n<meta property=\"og:locale\" content=\"nl_NL\" \/>\n<meta property=\"og:type\" content=\"article\" \/>\n<meta property=\"og:title\" content=\"Bestemmingen\" \/>\n<meta property=\"og:description\" content=\"Welkom in Walloni\u00eb Walloni\u00eb is Franstalig Belgi\u00eb ! Samen met Vlaanderen en Brussel is het een van de 3 gewesten van Belgi\u00eb. Grenzend aan Duitsland, het Groothertogdom Luxemburg en Frankrijk wordt hier Frans gesproken, maar ook Duits in het uiterste oosten. Walloni\u00eb ligt in het zuiden van Belgi\u00eb en biedt een verscheidenheid aan heuvelachtige en [&hellip;]\" \/>\n<meta property=\"og:url\" content=\"https:\/\/gitesdewallonie.be\/nl\/bestemmingen\/\" \/>\n<meta property=\"og:site_name\" content=\"gitesdewallonie.be\" \/>\n<meta property=\"article:publisher\" content=\"https:\/\/www.facebook.com\/GitesdeWallonie\" \/>\n<meta property=\"article:modified_time\" content=\"2025-05-23T13:03:46+00:00\" \/>\n<meta name=\"twitter:card\" content=\"summary_large_image\" \/>\n<meta name=\"twitter:label1\" content=\"Est. reading time\" \/>\n\t<meta name=\"twitter:data1\" content=\"2 minutes\" \/>\n<script type=\"application\/ld+json\" class=\"yoast-schema-graph\">{\"@context\":\"https:\/\/schema.org\",\"@graph\":[{\"@type\":\"WebPage\",\"@id\":\"https:\/\/gitesdewallonie.be\/nl\/bestemmingen\/\",\"url\":\"https:\/\/gitesdewallonie.be\/nl\/bestemmingen\/\",\"name\":\"Bestemmingen - gitesdewallonie.be\",\"isPartOf\":{\"@id\":\"https:\/\/gitesdewallonie.be\/nl\/#website\"},\"datePublished\":\"2024-09-04T19:38:16+00:00\",\"dateModified\":\"2025-05-23T13:03:46+00:00\",\"breadcrumb\":{\"@id\":\"https:\/\/gitesdewallonie.be\/nl\/bestemmingen\/#breadcrumb\"},\"inLanguage\":\"nl-NL\",\"potentialAction\":[{\"@type\":\"ReadAction\",\"target\":[\"https:\/\/gitesdewallonie.be\/nl\/bestemmingen\/\"]}]},{\"@type\":\"BreadcrumbList\",\"@id\":\"https:\/\/gitesdewallonie.be\/nl\/bestemmingen\/#breadcrumb\",\"itemListElement\":[{\"@type\":\"ListItem\",\"position\":1,\"name\":\"Accueil\",\"item\":\"https:\/\/gitesdewallonie.be\/nl\/\"},{\"@type\":\"ListItem\",\"position\":2,\"name\":\"Bestemmingen\"}]},{\"@type\":\"WebSite\",\"@id\":\"https:\/\/gitesdewallonie.be\/nl\/#website\",\"url\":\"https:\/\/gitesdewallonie.be\/nl\/\",\"name\":\"F\u00e9d\u00e9ration des G\u00eetes et Chambres d'h\u00f4tes de Wallonie\",\"description\":\"\",\"publisher\":{\"@id\":\"https:\/\/gitesdewallonie.be\/nl\/#organization\"},\"potentialAction\":[{\"@type\":\"SearchAction\",\"target\":{\"@type\":\"EntryPoint\",\"urlTemplate\":\"https:\/\/gitesdewallonie.be\/nl\/?s={search_term_string}\"},\"query-input\":{\"@type\":\"PropertyValueSpecification\",\"valueRequired\":true,\"valueName\":\"search_term_string\"}}],\"inLanguage\":\"nl-NL\"},{\"@type\":\"Organization\",\"@id\":\"https:\/\/gitesdewallonie.be\/nl\/#organization\",\"name\":\"F\u00e9d\u00e9ration des G\u00eetes et Chambres d'h\u00f4tes de Wallonie\",\"alternateName\":\"GDW\",\"url\":\"https:\/\/gitesdewallonie.be\/nl\/\",\"logo\":{\"@type\":\"ImageObject\",\"inLanguage\":\"nl-NL\",\"@id\":\"https:\/\/gitesdewallonie.be\/nl\/#\/schema\/logo\/image\/\",\"url\":\"https:\/\/gitesdewallonie.be\/wp-content\/uploads\/2024\/08\/logo-gdw.svg\",\"contentUrl\":\"https:\/\/gitesdewallonie.be\/wp-content\/uploads\/2024\/08\/logo-gdw.svg\",\"caption\":\"F\u00e9d\u00e9ration des G\u00eetes et Chambres d'h\u00f4tes de Wallonie\"},\"image\":{\"@id\":\"https:\/\/gitesdewallonie.be\/nl\/#\/schema\/logo\/image\/\"},\"sameAs\":[\"https:\/\/www.facebook.com\/GitesdeWallonie\",\"https:\/\/www.instagram.com\/gitesdewallonie.be\/\"]}]}<\/script>\n<!-- \/ Yoast SEO Premium plugin. -->","yoast_head_json":{"title":"Bestemmingen - gitesdewallonie.be","robots":{"index":"index","follow":"follow","max-snippet":"max-snippet:-1","max-image-preview":"max-image-preview:large","max-video-preview":"max-video-preview:-1"},"canonical":"https:\/\/gitesdewallonie.be\/nl\/bestemmingen\/","og_locale":"nl_NL","og_type":"article","og_title":"Bestemmingen","og_description":"Welkom in Walloni\u00eb Walloni\u00eb is Franstalig Belgi\u00eb ! Samen met Vlaanderen en Brussel is het een van de 3 gewesten van Belgi\u00eb. Grenzend aan Duitsland, het Groothertogdom Luxemburg en Frankrijk wordt hier Frans gesproken, maar ook Duits in het uiterste oosten. Walloni\u00eb ligt in het zuiden van Belgi\u00eb en biedt een verscheidenheid aan heuvelachtige en [&hellip;]","og_url":"https:\/\/gitesdewallonie.be\/nl\/bestemmingen\/","og_site_name":"gitesdewallonie.be","article_publisher":"https:\/\/www.facebook.com\/GitesdeWallonie","article_modified_time":"2025-05-23T13:03:46+00:00","twitter_card":"summary_large_image","twitter_misc":{"Est. reading time":"2 minutes"},"schema":{"@context":"https:\/\/schema.org","@graph":[{"@type":"WebPage","@id":"https:\/\/gitesdewallonie.be\/nl\/bestemmingen\/","url":"https:\/\/gitesdewallonie.be\/nl\/bestemmingen\/","name":"Bestemmingen - gitesdewallonie.be","isPartOf":{"@id":"https:\/\/gitesdewallonie.be\/nl\/#website"},"datePublished":"2024-09-04T19:38:16+00:00","dateModified":"2025-05-23T13:03:46+00:00","breadcrumb":{"@id":"https:\/\/gitesdewallonie.be\/nl\/bestemmingen\/#breadcrumb"},"inLanguage":"nl-NL","potentialAction":[{"@type":"ReadAction","target":["https:\/\/gitesdewallonie.be\/nl\/bestemmingen\/"]}]},{"@type":"BreadcrumbList","@id":"https:\/\/gitesdewallonie.be\/nl\/bestemmingen\/#breadcrumb","itemListElement":[{"@type":"ListItem","position":1,"name":"Accueil","item":"https:\/\/gitesdewallonie.be\/nl\/"},{"@type":"ListItem","position":2,"name":"Bestemmingen"}]},{"@type":"WebSite","@id":"https:\/\/gitesdewallonie.be\/nl\/#website","url":"https:\/\/gitesdewallonie.be\/nl\/","name":"F\u00e9d\u00e9ration des G\u00eetes et Chambres d'h\u00f4tes de Wallonie","description":"","publisher":{"@id":"https:\/\/gitesdewallonie.be\/nl\/#organization"},"potentialAction":[{"@type":"SearchAction","target":{"@type":"EntryPoint","urlTemplate":"https:\/\/gitesdewallonie.be\/nl\/?s={search_term_string}"},"query-input":{"@type":"PropertyValueSpecification","valueRequired":true,"valueName":"search_term_string"}}],"inLanguage":"nl-NL"},{"@type":"Organization","@id":"https:\/\/gitesdewallonie.be\/nl\/#organization","name":"F\u00e9d\u00e9ration des G\u00eetes et Chambres d'h\u00f4tes de Wallonie","alternateName":"GDW","url":"https:\/\/gitesdewallonie.be\/nl\/","logo":{"@type":"ImageObject","inLanguage":"nl-NL","@id":"https:\/\/gitesdewallonie.be\/nl\/#\/schema\/logo\/image\/","url":"https:\/\/gitesdewallonie.be\/wp-content\/uploads\/2024\/08\/logo-gdw.svg","contentUrl":"https:\/\/gitesdewallonie.be\/wp-content\/uploads\/2024\/08\/logo-gdw.svg","caption":"F\u00e9d\u00e9ration des G\u00eetes et Chambres d'h\u00f4tes de Wallonie"},"image":{"@id":"https:\/\/gitesdewallonie.be\/nl\/#\/schema\/logo\/image\/"},"sameAs":["https:\/\/www.facebook.com\/GitesdeWallonie","https:\/\/www.instagram.com\/gitesdewallonie.be\/"]}]}},"_links":{"self":[{"href":"https:\/\/gitesdewallonie.be\/nl\/wp-json\/wp\/v2\/pages\/114388","targetHints":{"allow":["GET"]}}],"collection":[{"href":"https:\/\/gitesdewallonie.be\/nl\/wp-json\/wp\/v2\/pages"}],"about":[{"href":"https:\/\/gitesdewallonie.be\/nl\/wp-json\/wp\/v2\/types\/page"}],"author":[{"embeddable":true,"href":"https:\/\/gitesdewallonie.be\/nl\/wp-json\/wp\/v2\/users\/2"}],"replies":[{"embeddable":true,"href":"https:\/\/gitesdewallonie.be\/nl\/wp-json\/wp\/v2\/comments?post=114388"}],"version-history":[{"count":3,"href":"https:\/\/gitesdewallonie.be\/nl\/wp-json\/wp\/v2\/pages\/114388\/revisions"}],"predecessor-version":[{"id":117581,"href":"https:\/\/gitesdewallonie.be\/nl\/wp-json\/wp\/v2\/pages\/114388\/revisions\/117581"}],"wp:attachment":[{"href":"https:\/\/gitesdewallonie.be\/nl\/wp-json\/wp\/v2\/media?parent=114388"}],"curies":[{"name":"wp","href":"https:\/\/api.w.org\/{rel}","templated":true}]}}