{"id":114559,"date":"2024-05-14T13:52:32","date_gmt":"2024-05-14T11:52:32","guid":{"rendered":"https:\/\/gitesdewallonie.be\/veelgestelde-vragen\/"},"modified":"2025-08-14T11:49:40","modified_gmt":"2025-08-14T09:49:40","slug":"veelgestelde-vragen","status":"publish","type":"page","link":"https:\/\/gitesdewallonie.be\/nl\/veelgestelde-vragen\/","title":{"rendered":"Veelgestelde vragen"},"content":{"rendered":"\n<div class=\"wp-block-group is-layout-constrained wp-block-group-is-layout-constrained\">\n<div class=\"wp-block-columns faq-container is-layout-flex wp-container-core-columns-is-layout-28f84493 wp-block-columns-is-layout-flex\">\n<div class=\"wp-block-column faq-categories-container is-layout-flow wp-block-column-is-layout-flow\" style=\"flex-basis:25%\"><\/div>\n\n\n\n<div class=\"wp-block-column is-layout-flow wp-block-column-is-layout-flow\" style=\"flex-basis:66.66%\">\n<div class=\"wp-block-fidelo-fd-accordion fd_accordion\" data-type=\"fd_block\"><div class=\"container\"><ul class=\"fd_accordion_list\" data-opening=\"true\">\n<h2 class=\"wp-block-heading\" id=\"h-accommodatie-zoeken\">Accommodatie zoeken<\/h2>\n\n\n\n<li class=\"wp-block-fidelo-fd-accordion-item fd_accordion_item open\" default_status=\"open\" data-type=\"fd_item\"><div class=\"fd_acc_title\"><h3 class=\"\">Hoe kan ik snel zoeken op de website ?<\/h3><\/div><div class=\"fd_acc_content\">\n<p class=\"has-text-align-left\">Als je de referentie of naam van een accommodatie op onze site al kent, klik dan op de knop &#8220;Menu&#8221; in de rechterbovenhoek en voer de referentie (alleen nummers) of de volledige naam van de accommodatie in. <\/p>\n<\/div><\/li>\n<\/ul><\/div><\/div>\n\n\n\n<div class=\"wp-block-fidelo-fd-accordion fd_accordion\" data-type=\"fd_block\"><div class=\"container\"><ul class=\"fd_accordion_list\" data-opening=\"true\">\n<h2 class=\"wp-block-heading\" id=\"h-accommodatiefiche\">Accommodatiefiche<\/h2>\n\n\n\n<li class=\"wp-block-fidelo-fd-accordion-item fd_accordion_item open\" default_status=\"open\" data-type=\"fd_item\"><div class=\"fd_acc_title\"><h3 class=\"\">Welke soorten accommodatie biedt u aan ?<\/h3><\/div><div class=\"fd_acc_content\">\n<p class=\"has-text-align-left\">Onze site biedt alleen accommodaties aan die officieel zijn geregistreerd en in de meeste gevallen gecertificeerd door <a href=\"https:\/\/www.tourismewallonie.be\/\">Tourisme Wallonie<\/a>.<\/p>\n\n\n\n<p>Hier zijn de verschillende offici\u00eble namen op onze site : <\/p>\n\n\n\n<ul class=\"wp-block-list\">\n<li>Vakantiehuis op het platteland : karaktervolle toeristische accommodatie op het platteland. <\/li>\n\n\n\n<li>Vakantiehuis op de stad : toeristische accommodatie in een stad. <\/li>\n\n\n\n<li>Vakantiehuis op de boerderij : toeristische accommodatie op of in de buurt van een werkende boerderij.<\/li>\n\n\n\n<li>Vakantiewoning : onafhankelijke, zelfstandige toeristische accommodatie op het platteland of in een stad. <\/li>\n\n\n\n<li>Bed and Breakfast : een kamer in de woning van de eigenaar, die op het platteland of in een stad kan liggen. Het landgoed kan 1 tot 5 gastenkamers hebben. <\/li>\n\n\n\n<li>Bed and Breakfast op de boerderij : kamer op het landgoed van de eigenaar. Het pand is gelegen op of nabij een werkende boerderij en kan 1 tot 5 kamers hebben.  <\/li>\n<\/ul>\n<\/div><\/li>\n\n\n\n<li class=\"wp-block-fidelo-fd-accordion-item fd_accordion_item open\" default_status=\"open\" data-type=\"fd_item\"><div class=\"fd_acc_title\"><h3 class=\"\">Wat is een gegroepeerde vakantiehuizen ?<\/h3><\/div><div class=\"fd_acc_content\">\n<p class=\"has-text-align-left\">Een gegroepeerde vakantiehuizen is een groep van minstens 2 aparte vakantiehuizen die tegelijkertijd gehuurd kunnen worden. <\/p>\n<\/div><\/li>\n\n\n\n<li class=\"wp-block-fidelo-fd-accordion-item fd_accordion_item open\" default_status=\"open\" data-type=\"fd_item\"><div class=\"fd_acc_title\"><h3 class=\"\">Wat houdt de classificatie in korenaren of sleutels in ?<\/h3><\/div><div class=\"fd_acc_content\">\n<p class=\"has-text-align-left\">Onze accommodaties zijn officieel geclassificeerd volgens het niveau van uitrusting en comfort :<\/p>\n\n\n\n<ul class=\"wp-block-list\">\n<li>1 korenaar of sleutel : eenvoudig comfort<\/li>\n\n\n\n<li>2 korenaren of sleutels : goed comfort<\/li>\n\n\n\n<li>3 korenaren of sleutels : zeer goed comfort<\/li>\n\n\n\n<li>4 korenaren of sleutels : uitstekend comfort<\/li>\n\n\n\n<li>5 korenaren of sleutels : uitzonderlijk comfort<\/li>\n<\/ul>\n<\/div><\/li>\n\n\n\n<li class=\"wp-block-fidelo-fd-accordion-item fd_accordion_item open\" default_status=\"open\" data-type=\"fd_item\"><div class=\"fd_acc_title\"><h3 class=\"\">Wat houdt de prijs \u201cVanaf\u201d in ?<\/h3><\/div><div class=\"fd_acc_content\">\n<p class=\"has-text-align-left\">Dit bedrag wordt ter indicatie gegeven en omvat het goedkoopste tarief dat voor de geraadpleegde accommodatie wordt aangeboden. <\/p>\n<\/div><\/li>\n\n\n\n<li class=\"wp-block-fidelo-fd-accordion-item fd_accordion_item open\" default_status=\"open\" data-type=\"fd_item\"><div class=\"fd_acc_title\"><h3 class=\"\">Hoe kom ik te weten wat mijn verblijf kost ?<\/h3><\/div><div class=\"fd_acc_content\">\n<p class=\"has-text-align-left\">De prijzen op onze website zijn louter informatief en niet contractueel. Om de exacte prijs van uw verblijf te weten, neemt u rechtstreeks contact op met de eigenaar van de accommodatie via een bericht of telefoon.  <\/p>\n\n\n\n<p class=\"has-text-align-left\">Voor accommodaties die direct boeken, wordt de prijs automatisch berekend. Zo weet je de exacte prijs van je verblijf en kun je direct online betalen. <\/p>\n<\/div><\/li>\n\n\n\n<li class=\"wp-block-fidelo-fd-accordion-item fd_accordion_item open\" default_status=\"open\" data-type=\"fd_item\"><div class=\"fd_acc_title\"><h3 class=\"\">Wat betekent \u201cgarantie\u201d in de extra kosten op de fiche van een g\u00eete of gemeubileerde accommodatie ?<\/h3><\/div><div class=\"fd_acc_content\">\n<p class=\"has-text-align-left\">De waarborg is een bedrag dat aan de eigenaar wordt betaald om eventuele schade aan zijn accommodatie tijdens je verblijf te dekken. Het moet uiterlijk op de dag van aankomst worden betaald en wordt op de dag van vertrek of uiterlijk 10 werkdagen na de vertrekdatum aan je terugbetaald. Dit bedrag wordt vastgesteld door de eigenaar.   <\/p>\n<\/div><\/li>\n\n\n\n<li class=\"wp-block-fidelo-fd-accordion-item fd_accordion_item open\" default_status=\"open\" data-type=\"fd_item\"><div class=\"fd_acc_title\"><h3 class=\"\">Wat wordt onder \u201ctoeristenbelasting\u201d verstaan bij de extra kosten ?<\/h3><\/div><div class=\"fd_acc_content\">\n<p class=\"has-text-align-left\">De toeristenbelasting is een belasting die wordt vastgesteld door de gemeente en\/of provincie waar de accommodatie zich bevindt. Het bedrag verschilt per gemeente\/provincie. Het kan vast zijn per nacht of per nacht en per persoon en moet worden betaald aan de eigenaar op het moment van je verblijf.   <\/p>\n<\/div><\/li>\n\n\n\n<li class=\"wp-block-fidelo-fd-accordion-item fd_accordion_item open\" default_status=\"open\" data-type=\"fd_item\"><div class=\"fd_acc_title\"><h3 class=\"\">Wat betekent de term \u201cKosten\u201d in de extra kosten ?<\/h3><\/div><div class=\"fd_acc_content\">\n<p class=\"has-text-align-left\">De kosten hebben betrekking op het verbruik van water, elektriciteit en verwarming. Deze zijn ofwel inbegrepen in de totale prijs, vast (prijs per nacht) of berekend op basis van verbruik tijdens je verblijf.  <\/p>\n<\/div><\/li>\n\n\n\n<h2 class=\"wp-block-heading\" id=\"h-een-accommodatie-boeken\">Een accommodatie boeken<\/h2>\n\n\n\n<li class=\"wp-block-fidelo-fd-accordion-item fd_accordion_item open\" default_status=\"open\" data-type=\"fd_item\"><div class=\"fd_acc_title\"><h3 class=\"\">Hoe reserveer ik een accommodatie op de website ?<\/h3><\/div><div class=\"fd_acc_content\">\n<p class=\"has-text-align-left\">Via onze website kun je rechtstreeks bij de eigenaar boeken. Er zijn geen boekingskosten. Het Federation-team beheert de boekingen niet.  <\/p>\n\n\n\n<p>Er zijn verschillende manieren om te boeken :<\/p>\n\n\n\n<p class=\"has-text-align-left\"><strong>Telefoon<\/strong>: je kunt je verblijf telefonisch reserveren door rechtstreeks contact op te nemen met de eigenaar. Klik op de knop <em>Telefoon<\/em> <\/p>\n\n\n\n<p><strong>Direct boeken<\/strong>: sommige accommodaties bieden de optie <em>Direct boeken <\/em>en zijn als zodanig aangegeven. Voor deze accommodaties boekt en betaalt u uw verblijf direct via onze website. Om te boeken, vul je je verblijfsdata in en klik je op de rode knop <em>Boeken<\/em>. Zodra je boeking is betaald, ontvang je een bevestigingsmail.    <\/p>\n\n\n\n<p><strong>Reserveringsaanvraag<\/strong>: voor accommodaties die geen directe boeking hebben, kun je de eigenaar een reserveringsaanvraag sturen. Het versturen van een reserveringsaanvraag is geen boeking. Om je boekingsaanvraag te versturen, voer je je verblijfsdata in en klik je op de knop <em>Stuur een bericht.<\/em> Vul het formulier in en klik op de knop <em>Verzenden. <\/em>De eigenaar ontvangt uw aanvraag per e-mail en zal zo spoedig mogelijk reageren. De eigenaar stuurt je dan de boekingsgegevens.    <\/p>\n<\/div><\/li>\n\n\n\n<li class=\"wp-block-fidelo-fd-accordion-item fd_accordion_item open\" default_status=\"open\" data-type=\"fd_item\"><div class=\"fd_acc_title\"><h3 class=\"\">Hoe kan ik een reservering annuleren ?<\/h3><\/div><div class=\"fd_acc_content\">\n<p class=\"has-text-align-left\">Om een boeking die via onze website is gemaakt te annuleren, neem je rechtstreeks contact op met de eigenaar. <\/p>\n<\/div><\/li>\n\n\n\n<li class=\"wp-block-fidelo-fd-accordion-item fd_accordion_item open\" default_status=\"open\" data-type=\"fd_item\"><div class=\"fd_acc_title\"><h3 class=\"\">Hoe neem ik contact op met de eigenaar van een accommodatie voordat ik reserveer ?<\/h3><\/div><div class=\"fd_acc_content\">\n<p class=\"has-text-align-left\">Wil je de eigenaar vragen stellen voordat je de accommodatie boekt ? Neem contact op met de eigenaar via de <em>Stuur een bericht<\/em> knop of telefonisch via de <em>Telefoon<\/em> knop.  <\/p>\n<\/div><\/li>\n\n\n\n<li class=\"wp-block-fidelo-fd-accordion-item fd_accordion_item open\" default_status=\"open\" data-type=\"fd_item\"><div class=\"fd_acc_title\"><h3 class=\"\">Ik heb verblijfcheques \u201cG\u00eetes et Chambres d&#8217;h\u00f4tes de Wallonie\u201d ontvangen. Hoe kan ik deze gebruiken ?<\/h3><\/div><div class=\"fd_acc_content\">\n<p class=\"has-text-align-left\">Je kunt je &#8220;G\u00eetes et Chambres d&#8217;h\u00f4tes de Wallonie&#8221; verblijfscheques gebruiken in alle accommodaties op onze website.<\/p>\n\n\n\n<p class=\"has-text-align-left\">Het enige wat je hoeft te doen is telefonisch en\/of per e-mail (zelfs voor accommodaties met directe boeking) contact opnemen met de eigenaar van de door jou gekozen accommodatie en hem\/haar vertellen dat je verblijfscheques hebt. Het is momenteel niet mogelijk om onze vouchers te gebruiken om je verblijf online te betalen.  <\/p>\n<\/div><\/li>\n<\/ul><\/div><\/div>\n\n\n\n<div class=\"wp-block-fidelo-fd-accordion fd_accordion\" data-type=\"fd_block\"><div class=\"container\"><ul class=\"fd_accordion_list\" data-opening=\"true\">\n<h2 class=\"wp-block-heading\" id=\"h-favorieten\">Favorieten<\/h2>\n\n\n\n<li class=\"wp-block-fidelo-fd-accordion-item fd_accordion_item open\" default_status=\"open\" data-type=\"fd_item\"><div class=\"fd_acc_title\"><h3 class=\"\">Hoe voeg je een accommodatie toe aan je favorieten ?<\/h3><\/div><div class=\"fd_acc_content\">\n<p class=\"has-text-align-left\">Klik op de accommodatiepagina op het &#8220;Hart&#8221;-symbool. Als je nog geen account hebt op onze site, word je uitgenodigd om er een aan te maken. <\/p>\n<\/div><\/li>\n<\/ul><\/div><\/div>\n\n\n\n<div class=\"wp-block-fidelo-fd-accordion fd_accordion\" data-type=\"fd_block\"><div class=\"container\"><ul class=\"fd_accordion_list\" data-opening=\"true\">\n<h2 class=\"wp-block-heading\" id=\"h-uw-account-als-vakantieganger\">Uw account als vakantieganger<\/h2>\n\n\n\n<li class=\"wp-block-fidelo-fd-accordion-item fd_accordion_item opened\" default_status=\"opened\" data-type=\"fd_item\"><div class=\"fd_acc_title\"><h3 class=\"\">Hoe maak ik een vakantieaccount aan ?<\/h3><\/div><div class=\"fd_acc_content\">\n<p class=\"has-text-align-left\">Volg de onderstaande stappen om een vakantiegangersaccount aan te maken op onze site : <\/p>\n\n\n\n<ol class=\"wp-block-list\">\n<li>Klik op het mannetje in de rechterbovenhoek; <\/li>\n\n\n\n<li>Klik op <em>Inloggen<\/em> ; <\/li>\n\n\n\n<li>Selecteer de modus <em>vakantieganger <\/em> <\/li>\n\n\n\n<li>Er zijn twee manieren om je account aan te maken :\n<ul class=\"wp-block-list\">\n<li>Je e-mailadres en wachtwoord coderen <\/li>\n\n\n\n<li>Meld je aan met je Facebook- of Google-account: onze site ontvangt je naam, profielfoto en e-mailadres zodat je direct een account kunt aanmaken. <\/li>\n<\/ul>\n<\/li>\n<\/ol>\n\n\n\n<p><em>Ik maak mijn account aan : <\/em>voer je achternaam, voornaam en e-mailadres in en klik vervolgens op de knop <em>Registreren<\/em>. Je ontvangt een e-mail waarin je wordt uitgenodigd om een wachtwoord aan te maken om het aanmaken van je account te voltooien.  <\/p>\n<\/div><\/li>\n<\/ul><\/div><\/div>\n<\/div>\n<\/div>\n<\/div>\n\n\n\n<div style=\"height:150px\" aria-hidden=\"true\" class=\"wp-block-spacer\"><\/div>\n\n\n\n<div class=\"wp-block-cover\" style=\"padding-top:180px;padding-bottom:180px\"><img decoding=\"async\" class=\"wp-block-cover__image-background wp-image-78454\" alt=\"\" src=\"https:\/\/gdw.dev\/wp-content\/uploads\/2024\/04\/backyard-img-scaled.jpeg\" data-object-fit=\"cover\"\/><span aria-hidden=\"true\" class=\"wp-block-cover__background has-contrast-background-color has-background-dim-60 has-background-dim\"><\/span><div class=\"wp-block-cover__inner-container is-layout-constrained wp-block-cover-is-layout-constrained\">\n<h2 class=\"wp-block-heading has-text-align-center\" id=\"h-ben-je-een-werkende-huiseigenaar\" style=\"font-size:clamp(35.2px, 2.2rem + ((1vw - 3.2px) * 2.25), 64px);\">Ben je een werkende huiseigenaar ?<\/h2>\n\n\n\n<p class=\"has-text-align-center has-medium-font-size\">Lorem ipsum dolor sit amet consectetur.\nEget aenean et ut enim tempus habitant dignissim.\nNullam amet cras nulla sit enim diam viverra adipiscing leo.\nTempus tincidunt eget ut vestibulum mi fusce volutpat nam eget.\nIn gravida vitae quis elit.    <\/p>\n\n\n\n<div class=\"wp-block-buttons is-content-justification-center is-layout-flex wp-container-core-buttons-is-layout-a89b3969 wp-block-buttons-is-layout-flex\">\n<div class=\"wp-block-button-wrapper\"><div class=\"wp-block-button\"><a class=\"wp-block-button__link wp-element-button\">Ontdek ons aanbod!<\/a><\/div><\/div>\n<\/div>\n<\/div><\/div>\n","protected":false},"excerpt":{"rendered":"","protected":false},"author":1,"featured_media":0,"parent":0,"menu_order":0,"comment_status":"closed","ping_status":"closed","template":"pink-page","meta":{"footnotes":""},"class_list":["post-114559","page","type-page","status-publish","hentry"],"yoast_head":"<!-- This site is optimized with the Yoast SEO Premium plugin v26.7 (Yoast SEO v26.7) - https:\/\/yoast.com\/wordpress\/plugins\/seo\/ -->\n<title>Veelgestelde vragen - gitesdewallonie.be<\/title>\n<meta name=\"robots\" content=\"index, follow, max-snippet:-1, max-image-preview:large, max-video-preview:-1\" \/>\n<link rel=\"canonical\" href=\"https:\/\/gitesdewallonie.be\/nl\/veelgestelde-vragen\/\" \/>\n<meta property=\"og:locale\" content=\"nl_NL\" \/>\n<meta property=\"og:type\" content=\"article\" \/>\n<meta property=\"og:title\" content=\"Veelgestelde vragen\" \/>\n<meta property=\"og:url\" content=\"https:\/\/gitesdewallonie.be\/nl\/veelgestelde-vragen\/\" \/>\n<meta property=\"og:site_name\" content=\"gitesdewallonie.be\" \/>\n<meta property=\"article:publisher\" content=\"https:\/\/www.facebook.com\/GitesdeWallonie\" \/>\n<meta property=\"article:modified_time\" content=\"2025-08-14T09:49:40+00:00\" \/>\n<meta name=\"twitter:card\" content=\"summary_large_image\" \/>\n<meta name=\"twitter:label1\" content=\"Est. reading time\" \/>\n\t<meta name=\"twitter:data1\" content=\"6 minutes\" \/>\n<script type=\"application\/ld+json\" class=\"yoast-schema-graph\">{\"@context\":\"https:\/\/schema.org\",\"@graph\":[{\"@type\":\"WebPage\",\"@id\":\"https:\/\/gitesdewallonie.be\/nl\/veelgestelde-vragen\/\",\"url\":\"https:\/\/gitesdewallonie.be\/nl\/veelgestelde-vragen\/\",\"name\":\"Veelgestelde vragen - gitesdewallonie.be\",\"isPartOf\":{\"@id\":\"https:\/\/gitesdewallonie.be\/nl\/#website\"},\"primaryImageOfPage\":{\"@id\":\"https:\/\/gitesdewallonie.be\/nl\/veelgestelde-vragen\/#primaryimage\"},\"image\":{\"@id\":\"https:\/\/gitesdewallonie.be\/nl\/veelgestelde-vragen\/#primaryimage\"},\"thumbnailUrl\":\"https:\/\/gdw.dev\/wp-content\/uploads\/2024\/04\/backyard-img-scaled.jpeg\",\"datePublished\":\"2024-05-14T11:52:32+00:00\",\"dateModified\":\"2025-08-14T09:49:40+00:00\",\"breadcrumb\":{\"@id\":\"https:\/\/gitesdewallonie.be\/nl\/veelgestelde-vragen\/#breadcrumb\"},\"inLanguage\":\"nl-NL\",\"potentialAction\":[{\"@type\":\"ReadAction\",\"target\":[\"https:\/\/gitesdewallonie.be\/nl\/veelgestelde-vragen\/\"]}]},{\"@type\":\"ImageObject\",\"inLanguage\":\"nl-NL\",\"@id\":\"https:\/\/gitesdewallonie.be\/nl\/veelgestelde-vragen\/#primaryimage\",\"url\":\"https:\/\/gdw.dev\/wp-content\/uploads\/2024\/04\/backyard-img-scaled.jpeg\",\"contentUrl\":\"https:\/\/gdw.dev\/wp-content\/uploads\/2024\/04\/backyard-img-scaled.jpeg\"},{\"@type\":\"BreadcrumbList\",\"@id\":\"https:\/\/gitesdewallonie.be\/nl\/veelgestelde-vragen\/#breadcrumb\",\"itemListElement\":[{\"@type\":\"ListItem\",\"position\":1,\"name\":\"Accueil\",\"item\":\"https:\/\/gitesdewallonie.be\/nl\/\"},{\"@type\":\"ListItem\",\"position\":2,\"name\":\"Veelgestelde vragen\"}]},{\"@type\":\"WebSite\",\"@id\":\"https:\/\/gitesdewallonie.be\/nl\/#website\",\"url\":\"https:\/\/gitesdewallonie.be\/nl\/\",\"name\":\"F\u00e9d\u00e9ration des G\u00eetes et Chambres d'h\u00f4tes de Wallonie\",\"description\":\"\",\"publisher\":{\"@id\":\"https:\/\/gitesdewallonie.be\/nl\/#organization\"},\"potentialAction\":[{\"@type\":\"SearchAction\",\"target\":{\"@type\":\"EntryPoint\",\"urlTemplate\":\"https:\/\/gitesdewallonie.be\/nl\/?s={search_term_string}\"},\"query-input\":{\"@type\":\"PropertyValueSpecification\",\"valueRequired\":true,\"valueName\":\"search_term_string\"}}],\"inLanguage\":\"nl-NL\"},{\"@type\":\"Organization\",\"@id\":\"https:\/\/gitesdewallonie.be\/nl\/#organization\",\"name\":\"F\u00e9d\u00e9ration des G\u00eetes et Chambres d'h\u00f4tes de Wallonie\",\"alternateName\":\"GDW\",\"url\":\"https:\/\/gitesdewallonie.be\/nl\/\",\"logo\":{\"@type\":\"ImageObject\",\"inLanguage\":\"nl-NL\",\"@id\":\"https:\/\/gitesdewallonie.be\/nl\/#\/schema\/logo\/image\/\",\"url\":\"https:\/\/gitesdewallonie.be\/wp-content\/uploads\/2024\/08\/logo-gdw.svg\",\"contentUrl\":\"https:\/\/gitesdewallonie.be\/wp-content\/uploads\/2024\/08\/logo-gdw.svg\",\"caption\":\"F\u00e9d\u00e9ration des G\u00eetes et Chambres d'h\u00f4tes de Wallonie\"},\"image\":{\"@id\":\"https:\/\/gitesdewallonie.be\/nl\/#\/schema\/logo\/image\/\"},\"sameAs\":[\"https:\/\/www.facebook.com\/GitesdeWallonie\",\"https:\/\/www.instagram.com\/gitesdewallonie.be\/\"]}]}<\/script>\n<!-- \/ Yoast SEO Premium plugin. -->","yoast_head_json":{"title":"Veelgestelde vragen - gitesdewallonie.be","robots":{"index":"index","follow":"follow","max-snippet":"max-snippet:-1","max-image-preview":"max-image-preview:large","max-video-preview":"max-video-preview:-1"},"canonical":"https:\/\/gitesdewallonie.be\/nl\/veelgestelde-vragen\/","og_locale":"nl_NL","og_type":"article","og_title":"Veelgestelde vragen","og_url":"https:\/\/gitesdewallonie.be\/nl\/veelgestelde-vragen\/","og_site_name":"gitesdewallonie.be","article_publisher":"https:\/\/www.facebook.com\/GitesdeWallonie","article_modified_time":"2025-08-14T09:49:40+00:00","twitter_card":"summary_large_image","twitter_misc":{"Est. reading time":"6 minutes"},"schema":{"@context":"https:\/\/schema.org","@graph":[{"@type":"WebPage","@id":"https:\/\/gitesdewallonie.be\/nl\/veelgestelde-vragen\/","url":"https:\/\/gitesdewallonie.be\/nl\/veelgestelde-vragen\/","name":"Veelgestelde vragen - gitesdewallonie.be","isPartOf":{"@id":"https:\/\/gitesdewallonie.be\/nl\/#website"},"primaryImageOfPage":{"@id":"https:\/\/gitesdewallonie.be\/nl\/veelgestelde-vragen\/#primaryimage"},"image":{"@id":"https:\/\/gitesdewallonie.be\/nl\/veelgestelde-vragen\/#primaryimage"},"thumbnailUrl":"https:\/\/gdw.dev\/wp-content\/uploads\/2024\/04\/backyard-img-scaled.jpeg","datePublished":"2024-05-14T11:52:32+00:00","dateModified":"2025-08-14T09:49:40+00:00","breadcrumb":{"@id":"https:\/\/gitesdewallonie.be\/nl\/veelgestelde-vragen\/#breadcrumb"},"inLanguage":"nl-NL","potentialAction":[{"@type":"ReadAction","target":["https:\/\/gitesdewallonie.be\/nl\/veelgestelde-vragen\/"]}]},{"@type":"ImageObject","inLanguage":"nl-NL","@id":"https:\/\/gitesdewallonie.be\/nl\/veelgestelde-vragen\/#primaryimage","url":"https:\/\/gdw.dev\/wp-content\/uploads\/2024\/04\/backyard-img-scaled.jpeg","contentUrl":"https:\/\/gdw.dev\/wp-content\/uploads\/2024\/04\/backyard-img-scaled.jpeg"},{"@type":"BreadcrumbList","@id":"https:\/\/gitesdewallonie.be\/nl\/veelgestelde-vragen\/#breadcrumb","itemListElement":[{"@type":"ListItem","position":1,"name":"Accueil","item":"https:\/\/gitesdewallonie.be\/nl\/"},{"@type":"ListItem","position":2,"name":"Veelgestelde vragen"}]},{"@type":"WebSite","@id":"https:\/\/gitesdewallonie.be\/nl\/#website","url":"https:\/\/gitesdewallonie.be\/nl\/","name":"F\u00e9d\u00e9ration des G\u00eetes et Chambres d'h\u00f4tes de Wallonie","description":"","publisher":{"@id":"https:\/\/gitesdewallonie.be\/nl\/#organization"},"potentialAction":[{"@type":"SearchAction","target":{"@type":"EntryPoint","urlTemplate":"https:\/\/gitesdewallonie.be\/nl\/?s={search_term_string}"},"query-input":{"@type":"PropertyValueSpecification","valueRequired":true,"valueName":"search_term_string"}}],"inLanguage":"nl-NL"},{"@type":"Organization","@id":"https:\/\/gitesdewallonie.be\/nl\/#organization","name":"F\u00e9d\u00e9ration des G\u00eetes et Chambres d'h\u00f4tes de Wallonie","alternateName":"GDW","url":"https:\/\/gitesdewallonie.be\/nl\/","logo":{"@type":"ImageObject","inLanguage":"nl-NL","@id":"https:\/\/gitesdewallonie.be\/nl\/#\/schema\/logo\/image\/","url":"https:\/\/gitesdewallonie.be\/wp-content\/uploads\/2024\/08\/logo-gdw.svg","contentUrl":"https:\/\/gitesdewallonie.be\/wp-content\/uploads\/2024\/08\/logo-gdw.svg","caption":"F\u00e9d\u00e9ration des G\u00eetes et Chambres d'h\u00f4tes de Wallonie"},"image":{"@id":"https:\/\/gitesdewallonie.be\/nl\/#\/schema\/logo\/image\/"},"sameAs":["https:\/\/www.facebook.com\/GitesdeWallonie","https:\/\/www.instagram.com\/gitesdewallonie.be\/"]}]}},"_links":{"self":[{"href":"https:\/\/gitesdewallonie.be\/nl\/wp-json\/wp\/v2\/pages\/114559","targetHints":{"allow":["GET"]}}],"collection":[{"href":"https:\/\/gitesdewallonie.be\/nl\/wp-json\/wp\/v2\/pages"}],"about":[{"href":"https:\/\/gitesdewallonie.be\/nl\/wp-json\/wp\/v2\/types\/page"}],"author":[{"embeddable":true,"href":"https:\/\/gitesdewallonie.be\/nl\/wp-json\/wp\/v2\/users\/1"}],"replies":[{"embeddable":true,"href":"https:\/\/gitesdewallonie.be\/nl\/wp-json\/wp\/v2\/comments?post=114559"}],"version-history":[{"count":2,"href":"https:\/\/gitesdewallonie.be\/nl\/wp-json\/wp\/v2\/pages\/114559\/revisions"}],"predecessor-version":[{"id":118342,"href":"https:\/\/gitesdewallonie.be\/nl\/wp-json\/wp\/v2\/pages\/114559\/revisions\/118342"}],"wp:attachment":[{"href":"https:\/\/gitesdewallonie.be\/nl\/wp-json\/wp\/v2\/media?parent=114559"}],"curies":[{"name":"wp","href":"https:\/\/api.w.org\/{rel}","templated":true}]}}