{"id":114998,"date":"2024-03-28T10:12:25","date_gmt":"2024-03-28T09:12:25","guid":{"rendered":"https:\/\/gitesdewallonie.be\/mijn-account\/"},"modified":"2025-06-23T13:58:48","modified_gmt":"2025-06-23T11:58:48","slug":"mijn-account","status":"publish","type":"page","link":"https:\/\/gitesdewallonie.be\/nl\/mijn-account\/","title":{"rendered":"Mijn account"},"content":{"rendered":"\n<div class=\"wp-block-group is-layout-constrained wp-block-group-is-layout-constrained\">\n\n\n\n<h2 class=\"wp-block-heading\" id=\"h-mijn-favorieten\">Mijn favorieten<\/h2>\n\n\n\n<div class=\"wp-block-buttons vacanciers-account-btn is-content-justification-space-between is-layout-flex wp-container-core-buttons-is-layout-b2891da8 wp-block-buttons-is-layout-flex\">\n<div class=\"wp-block-button-wrapper\"><div class=\"wp-block-button has-custom-width wp-block-button__width-100 favori  has-option-icon has-icon-selected is-favorite-icon\"><a class=\"wp-block-button__link wp-element-button\" href=\"https:\/\/gitesdewallonie.be\/mon-compte\/favoris\/\" target=\"_blank\" rel=\"noreferrer noopener\">Favorieten<\/a><\/div><div class=\"svgWrapper icon-favorite\"><svg width=\"24\" height=\"24\" viewBox=\"0 0 24 24\" fill=\"none\" xmlns=\"http:\/\/www.w3.org\/2000\/svg\">\n<mask id=\"mask0_5271_43385\" style=\"mask-type:alpha\" maskUnits=\"userSpaceOnUse\" x=\"0\" y=\"0\" width=\"24\" height=\"24\">\n<rect width=\"24\" height=\"24\" fill=\"#D9D9D9\"><\/rect>\n<\/mask>\n<g mask=\"url(#mask0_5271_43385)\">\n<path d=\"M12 21.0004L10.55 19.7004C8.86667 18.1837 7.475 16.8754 6.375 15.7754C5.275 14.6754 4.4 13.6879 3.75 12.8129C3.1 11.9379 2.64583 11.1337 2.3875 10.4004C2.12917 9.66706 2 8.91706 2 8.15039C2 6.58372 2.525 5.27539 3.575 4.22539C4.625 3.17539 5.93333 2.65039 7.5 2.65039C8.36667 2.65039 9.19167 2.83372 9.975 3.20039C10.7583 3.56706 11.4333 4.08372 12 4.75039C12.5667 4.08372 13.2417 3.56706 14.025 3.20039C14.8083 2.83372 15.6333 2.65039 16.5 2.65039C18.0667 2.65039 19.375 3.17539 20.425 4.22539C21.475 5.27539 22 6.58372 22 8.15039C22 8.91706 21.8708 9.66706 21.6125 10.4004C21.3542 11.1337 20.9 11.9379 20.25 12.8129C19.6 13.6879 18.725 14.6754 17.625 15.7754C16.525 16.8754 15.1333 18.1837 13.45 19.7004L12 21.0004ZM12 18.3004C13.6 16.8671 14.9167 15.6379 15.95 14.6129C16.9833 13.5879 17.8 12.6962 18.4 11.9379C19 11.1796 19.4167 10.5046 19.65 9.91289C19.8833 9.32122 20 8.73372 20 8.15039C20 7.15039 19.6667 6.31706 19 5.65039C18.3333 4.98372 17.5 4.65039 16.5 4.65039C15.7167 4.65039 14.9917 4.87122 14.325 5.31289C13.6583 5.75456 13.2 6.31706 12.95 7.00039H11.05C10.8 6.31706 10.3417 5.75456 9.675 5.31289C9.00833 4.87122 8.28333 4.65039 7.5 4.65039C6.5 4.65039 5.66667 4.98372 5 5.65039C4.33333 6.31706 4 7.15039 4 8.15039C4 8.73372 4.11667 9.32122 4.35 9.91289C4.58333 10.5046 5 11.1796 5.6 11.9379C6.2 12.6962 7.01667 13.5879 8.05 14.6129C9.08333 15.6379 10.4 16.8671 12 18.3004Z\" fill=\"#131313\"><\/path>\n<\/g>\n<\/svg><\/div><\/div>\n<\/div>\n\n\n\n<h2 class=\"wp-block-heading\" id=\"h-mijn-persoonlijke-gegevens\">Mijn persoonlijke gegevens  <\/h2>\n\n\n\n<div class=\"wp-block-columns is-layout-flex wp-container-core-columns-is-layout-28f84493 wp-block-columns-is-layout-flex\">\n<div class=\"wp-block-column is-layout-flow wp-block-column-is-layout-flow\" style=\"flex-basis:100%\">\n<\/div>\n\n\n\n<div class=\"wp-block-column is-layout-flow wp-block-column-is-layout-flow\" style=\"flex-basis:33.33%\">\n<div class=\"wp-block-group shadow-1 has-base-background-color has-background is-vertical is-content-justification-left is-layout-flex wp-container-core-group-is-layout-49f59ae0 wp-block-group-is-layout-flex\" style=\"border-radius:15px;padding-top:var(--wp--preset--spacing--50);padding-right:var(--wp--preset--spacing--50);padding-bottom:var(--wp--preset--spacing--50);padding-left:var(--wp--preset--spacing--50)\">\n<div class=\"wp-block-group is-nowrap is-layout-flex wp-container-core-group-is-layout-e088cbc5 wp-block-group-is-layout-flex\">\n<div class=\"wp-block-fidelo-icon-picker fd_iconpicker_el\" data-width=\"40\" data-color=\"transparent\" data-type=\"fd_item\" data-rotation=\"0\" style=\"background-color:transparent\"><div class=\"icon-wrapper icon-visibility\" style=\"width:40px; min-width:40px\"><svg width=\"40\" height=\"40\" viewBox=\"0 0 40 40\" fill=\"none\" xmlns=\"http:\/\/www.w3.org\/2000\/svg\">\n<mask id=\"mask0_5271_43434\" style=\"mask-type:alpha\" maskUnits=\"userSpaceOnUse\" x=\"0\" y=\"0\" width=\"40\" height=\"40\">\n<rect width=\"40\" height=\"40\" fill=\"#D9D9D9\"><\/rect>\n<\/mask>\n<g mask=\"url(#mask0_5271_43434)\">\n<path d=\"M20 26.6667C22.0833 26.6667 23.8541 25.9375 25.3125 24.4792C26.7708 23.0209 27.5 21.25 27.5 19.1667C27.5 17.0834 26.7708 15.3125 25.3125 13.8542C23.8541 12.3959 22.0833 11.6667 20 11.6667C17.9166 11.6667 16.1458 12.3959 14.6875 13.8542C13.2291 15.3125 12.5 17.0834 12.5 19.1667C12.5 21.25 13.2291 23.0209 14.6875 24.4792C16.1458 25.9375 17.9166 26.6667 20 26.6667ZM20 23.6667C18.75 23.6667 17.6875 23.2292 16.8125 22.3542C15.9375 21.4792 15.5 20.4167 15.5 19.1667C15.5 17.9167 15.9375 16.8542 16.8125 15.9792C17.6875 15.1042 18.75 14.6667 20 14.6667C21.25 14.6667 22.3125 15.1042 23.1875 15.9792C24.0625 16.8542 24.5 17.9167 24.5 19.1667C24.5 20.4167 24.0625 21.4792 23.1875 22.3542C22.3125 23.2292 21.25 23.6667 20 23.6667ZM20 31.6667C15.9444 31.6667 12.25 30.5347 8.91663 28.2709C5.58329 26.007 3.16663 22.9722 1.66663 19.1667C3.16663 15.3611 5.58329 12.3264 8.91663 10.0625C12.25 7.79863 15.9444 6.66669 20 6.66669C24.0555 6.66669 27.75 7.79863 31.0833 10.0625C34.4166 12.3264 36.8333 15.3611 38.3333 19.1667C36.8333 22.9722 34.4166 26.007 31.0833 28.2709C27.75 30.5347 24.0555 31.6667 20 31.6667ZM20 28.3334C23.1388 28.3334 26.0208 27.507 28.6458 25.8542C31.2708 24.2014 33.2777 21.9722 34.6666 19.1667C33.2777 16.3611 31.2708 14.132 28.6458 12.4792C26.0208 10.8264 23.1388 10 20 10C16.8611 10 13.9791 10.8264 11.3541 12.4792C8.72913 14.132 6.72218 16.3611 5.33329 19.1667C6.72218 21.9722 8.72913 24.2014 11.3541 25.8542C13.9791 27.507 16.8611 28.3334 20 28.3334Z\" fill=\"#131313\"><\/path>\n<\/g>\n<\/svg><\/div><\/div>\n\n\n\n<p style=\"font-size:clamp(14px, 0.875rem + ((1vw - 3.2px) * 0.313), 18px);font-style:normal;font-weight:700\">Welke informatie wordt met een derde gedeeld?<\/p>\n<\/div>\n\n\n\n<p>Wij delen uw persoonsgegevens met de eigenaars wanneer u een reserveringsaanvraag indient.<\/p>\n<\/div>\n<\/div>\n<\/div>\n<\/div>\n\n\n\n<div style=\"height:150px\" aria-hidden=\"true\" class=\"wp-block-spacer\"><\/div>\n\n\n\n<script>let vacAccountBtnMess = document.querySelector('.vacanciers-account-btn .messagerie a')\nlet vacAccountBtnFav = document.querySelector('.vacanciers-account-btn .favori a')\n\nlet counter1 = 0\nlet counter2 = 0\n\nvacAccountBtnMess.appendChild(document.createElement('span'))\nvacAccountBtnFav.appendChild(document.createElement('span'))\n\nlet counterMess = vacAccountBtnMess.querySelector('span')\nlet counterFav = vacAccountBtnFav.querySelector('span')\n\ncounterMess.innerText = counter1\ncounterFav.innerText = counter2\n<\/script>\n","protected":false},"excerpt":{"rendered":"Mijn favorieten Mijn persoonlijke gegevens Welke informatie wordt met een derde gedeeld? Wij delen uw persoonsgegevens met de eigenaars wanneer u een reserveringsaanvraag indient.","protected":false},"author":1,"featured_media":0,"parent":0,"menu_order":0,"comment_status":"closed","ping_status":"closed","template":"gdw-account-vacancier","meta":{"footnotes":""},"class_list":["post-114998","page","type-page","status-publish","hentry"],"yoast_head":"<!-- This site is optimized with the Yoast SEO Premium plugin v26.7 (Yoast SEO v26.7) - https:\/\/yoast.com\/wordpress\/plugins\/seo\/ -->\n<title>Mijn account - gitesdewallonie.be<\/title>\n<meta name=\"robots\" content=\"index, follow, max-snippet:-1, max-image-preview:large, max-video-preview:-1\" \/>\n<link rel=\"canonical\" href=\"https:\/\/gitesdewallonie.be\/nl\/mijn-account\/\" \/>\n<meta property=\"og:locale\" content=\"nl_NL\" \/>\n<meta property=\"og:type\" content=\"article\" \/>\n<meta property=\"og:title\" content=\"Mijn account\" \/>\n<meta property=\"og:description\" content=\"Mijn favorieten Mijn persoonlijke gegevens Welke informatie wordt met een derde gedeeld? Wij delen uw persoonsgegevens met de eigenaars wanneer u een reserveringsaanvraag indient.\" \/>\n<meta property=\"og:url\" content=\"https:\/\/gitesdewallonie.be\/nl\/mijn-account\/\" \/>\n<meta property=\"og:site_name\" content=\"gitesdewallonie.be\" \/>\n<meta property=\"article:publisher\" content=\"https:\/\/www.facebook.com\/GitesdeWallonie\" \/>\n<meta property=\"article:modified_time\" content=\"2025-06-23T11:58:48+00:00\" \/>\n<meta name=\"twitter:card\" content=\"summary_large_image\" \/>\n<meta name=\"twitter:label1\" content=\"Est. reading time\" \/>\n\t<meta name=\"twitter:data1\" content=\"1 minute\" \/>\n<script type=\"application\/ld+json\" class=\"yoast-schema-graph\">{\"@context\":\"https:\/\/schema.org\",\"@graph\":[{\"@type\":\"WebPage\",\"@id\":\"https:\/\/gitesdewallonie.be\/nl\/mijn-account\/\",\"url\":\"https:\/\/gitesdewallonie.be\/nl\/mijn-account\/\",\"name\":\"Mijn account - gitesdewallonie.be\",\"isPartOf\":{\"@id\":\"https:\/\/gitesdewallonie.be\/nl\/#website\"},\"datePublished\":\"2024-03-28T09:12:25+00:00\",\"dateModified\":\"2025-06-23T11:58:48+00:00\",\"breadcrumb\":{\"@id\":\"https:\/\/gitesdewallonie.be\/nl\/mijn-account\/#breadcrumb\"},\"inLanguage\":\"nl-NL\",\"potentialAction\":[{\"@type\":\"ReadAction\",\"target\":[\"https:\/\/gitesdewallonie.be\/nl\/mijn-account\/\"]}]},{\"@type\":\"BreadcrumbList\",\"@id\":\"https:\/\/gitesdewallonie.be\/nl\/mijn-account\/#breadcrumb\",\"itemListElement\":[{\"@type\":\"ListItem\",\"position\":1,\"name\":\"Accueil\",\"item\":\"https:\/\/gitesdewallonie.be\/nl\/\"},{\"@type\":\"ListItem\",\"position\":2,\"name\":\"Mijn account\"}]},{\"@type\":\"WebSite\",\"@id\":\"https:\/\/gitesdewallonie.be\/nl\/#website\",\"url\":\"https:\/\/gitesdewallonie.be\/nl\/\",\"name\":\"F\u00e9d\u00e9ration des G\u00eetes et Chambres d'h\u00f4tes de Wallonie\",\"description\":\"\",\"publisher\":{\"@id\":\"https:\/\/gitesdewallonie.be\/nl\/#organization\"},\"potentialAction\":[{\"@type\":\"SearchAction\",\"target\":{\"@type\":\"EntryPoint\",\"urlTemplate\":\"https:\/\/gitesdewallonie.be\/nl\/?s={search_term_string}\"},\"query-input\":{\"@type\":\"PropertyValueSpecification\",\"valueRequired\":true,\"valueName\":\"search_term_string\"}}],\"inLanguage\":\"nl-NL\"},{\"@type\":\"Organization\",\"@id\":\"https:\/\/gitesdewallonie.be\/nl\/#organization\",\"name\":\"F\u00e9d\u00e9ration des G\u00eetes et Chambres d'h\u00f4tes de Wallonie\",\"alternateName\":\"GDW\",\"url\":\"https:\/\/gitesdewallonie.be\/nl\/\",\"logo\":{\"@type\":\"ImageObject\",\"inLanguage\":\"nl-NL\",\"@id\":\"https:\/\/gitesdewallonie.be\/nl\/#\/schema\/logo\/image\/\",\"url\":\"https:\/\/gitesdewallonie.be\/wp-content\/uploads\/2024\/08\/logo-gdw.svg\",\"contentUrl\":\"https:\/\/gitesdewallonie.be\/wp-content\/uploads\/2024\/08\/logo-gdw.svg\",\"caption\":\"F\u00e9d\u00e9ration des G\u00eetes et Chambres d'h\u00f4tes de Wallonie\"},\"image\":{\"@id\":\"https:\/\/gitesdewallonie.be\/nl\/#\/schema\/logo\/image\/\"},\"sameAs\":[\"https:\/\/www.facebook.com\/GitesdeWallonie\",\"https:\/\/www.instagram.com\/gitesdewallonie.be\/\"]}]}<\/script>\n<!-- \/ Yoast SEO Premium plugin. -->","yoast_head_json":{"title":"Mijn account - gitesdewallonie.be","robots":{"index":"index","follow":"follow","max-snippet":"max-snippet:-1","max-image-preview":"max-image-preview:large","max-video-preview":"max-video-preview:-1"},"canonical":"https:\/\/gitesdewallonie.be\/nl\/mijn-account\/","og_locale":"nl_NL","og_type":"article","og_title":"Mijn account","og_description":"Mijn favorieten Mijn persoonlijke gegevens Welke informatie wordt met een derde gedeeld? Wij delen uw persoonsgegevens met de eigenaars wanneer u een reserveringsaanvraag indient.","og_url":"https:\/\/gitesdewallonie.be\/nl\/mijn-account\/","og_site_name":"gitesdewallonie.be","article_publisher":"https:\/\/www.facebook.com\/GitesdeWallonie","article_modified_time":"2025-06-23T11:58:48+00:00","twitter_card":"summary_large_image","twitter_misc":{"Est. reading time":"1 minute"},"schema":{"@context":"https:\/\/schema.org","@graph":[{"@type":"WebPage","@id":"https:\/\/gitesdewallonie.be\/nl\/mijn-account\/","url":"https:\/\/gitesdewallonie.be\/nl\/mijn-account\/","name":"Mijn account - gitesdewallonie.be","isPartOf":{"@id":"https:\/\/gitesdewallonie.be\/nl\/#website"},"datePublished":"2024-03-28T09:12:25+00:00","dateModified":"2025-06-23T11:58:48+00:00","breadcrumb":{"@id":"https:\/\/gitesdewallonie.be\/nl\/mijn-account\/#breadcrumb"},"inLanguage":"nl-NL","potentialAction":[{"@type":"ReadAction","target":["https:\/\/gitesdewallonie.be\/nl\/mijn-account\/"]}]},{"@type":"BreadcrumbList","@id":"https:\/\/gitesdewallonie.be\/nl\/mijn-account\/#breadcrumb","itemListElement":[{"@type":"ListItem","position":1,"name":"Accueil","item":"https:\/\/gitesdewallonie.be\/nl\/"},{"@type":"ListItem","position":2,"name":"Mijn account"}]},{"@type":"WebSite","@id":"https:\/\/gitesdewallonie.be\/nl\/#website","url":"https:\/\/gitesdewallonie.be\/nl\/","name":"F\u00e9d\u00e9ration des G\u00eetes et Chambres d'h\u00f4tes de Wallonie","description":"","publisher":{"@id":"https:\/\/gitesdewallonie.be\/nl\/#organization"},"potentialAction":[{"@type":"SearchAction","target":{"@type":"EntryPoint","urlTemplate":"https:\/\/gitesdewallonie.be\/nl\/?s={search_term_string}"},"query-input":{"@type":"PropertyValueSpecification","valueRequired":true,"valueName":"search_term_string"}}],"inLanguage":"nl-NL"},{"@type":"Organization","@id":"https:\/\/gitesdewallonie.be\/nl\/#organization","name":"F\u00e9d\u00e9ration des G\u00eetes et Chambres d'h\u00f4tes de Wallonie","alternateName":"GDW","url":"https:\/\/gitesdewallonie.be\/nl\/","logo":{"@type":"ImageObject","inLanguage":"nl-NL","@id":"https:\/\/gitesdewallonie.be\/nl\/#\/schema\/logo\/image\/","url":"https:\/\/gitesdewallonie.be\/wp-content\/uploads\/2024\/08\/logo-gdw.svg","contentUrl":"https:\/\/gitesdewallonie.be\/wp-content\/uploads\/2024\/08\/logo-gdw.svg","caption":"F\u00e9d\u00e9ration des G\u00eetes et Chambres d'h\u00f4tes de Wallonie"},"image":{"@id":"https:\/\/gitesdewallonie.be\/nl\/#\/schema\/logo\/image\/"},"sameAs":["https:\/\/www.facebook.com\/GitesdeWallonie","https:\/\/www.instagram.com\/gitesdewallonie.be\/"]}]}},"_links":{"self":[{"href":"https:\/\/gitesdewallonie.be\/nl\/wp-json\/wp\/v2\/pages\/114998","targetHints":{"allow":["GET"]}}],"collection":[{"href":"https:\/\/gitesdewallonie.be\/nl\/wp-json\/wp\/v2\/pages"}],"about":[{"href":"https:\/\/gitesdewallonie.be\/nl\/wp-json\/wp\/v2\/types\/page"}],"author":[{"embeddable":true,"href":"https:\/\/gitesdewallonie.be\/nl\/wp-json\/wp\/v2\/users\/1"}],"replies":[{"embeddable":true,"href":"https:\/\/gitesdewallonie.be\/nl\/wp-json\/wp\/v2\/comments?post=114998"}],"version-history":[{"count":3,"href":"https:\/\/gitesdewallonie.be\/nl\/wp-json\/wp\/v2\/pages\/114998\/revisions"}],"predecessor-version":[{"id":117995,"href":"https:\/\/gitesdewallonie.be\/nl\/wp-json\/wp\/v2\/pages\/114998\/revisions\/117995"}],"wp:attachment":[{"href":"https:\/\/gitesdewallonie.be\/nl\/wp-json\/wp\/v2\/media?parent=114998"}],"curies":[{"name":"wp","href":"https:\/\/api.w.org\/{rel}","templated":true}]}}