{"id":115009,"date":"2024-04-15T14:43:03","date_gmt":"2024-04-15T12:43:03","guid":{"rendered":"https:\/\/gitesdewallonie.be\/nieuwe-account-bevestig-je-e-mail\/"},"modified":"2024-09-12T15:44:46","modified_gmt":"2024-09-12T13:44:46","slug":"nieuwe-account-bevestig-je-e-mail","status":"publish","type":"page","link":"https:\/\/gitesdewallonie.be\/nl\/nieuwe-account-bevestig-je-e-mail\/","title":{"rendered":"Nieuwe account &#8211; bevestig je e-mail"},"content":{"rendered":"\n<div class=\"wp-block-group is-content-justification-center is-nowrap is-layout-flex wp-container-core-group-is-layout-23441af8 wp-block-group-is-layout-flex\">\n<figure class=\"wp-block-image size-full is-resized\"><img decoding=\"async\" src=\"https:\/\/gdw.dev\/wp-content\/uploads\/2024\/04\/contact-09-1.svg\" alt=\"\" class=\"wp-image-78461\" style=\"width:437px;height:auto\"\/><\/figure>\n<\/div>\n\n<p class=\"has-text-align-center has-body-font-family\" style=\"font-size:clamp(24.034px, 1.502rem + ((1vw - 3.2px) * 1.247), 40px);font-style:normal;font-weight:700\">We hebben je een verificatiemail gestuurd zodat je je account kunt aanmaken.<\/p>\n\n<div class=\"wp-block-buttons is-content-justification-center is-layout-flex wp-container-core-buttons-is-layout-a89b3969 wp-block-buttons-is-layout-flex\">\n<div class=\"wp-block-button-wrapper\"><div class=\"wp-block-button\"><a class=\"wp-block-button__link wp-element-button\">Terug naar home<\/a><\/div><\/div>\n<\/div>\n\n<div style=\"height:150px\" aria-hidden=\"true\" class=\"wp-block-spacer\"><\/div>\n","protected":false},"excerpt":{"rendered":"We hebben je een verificatiemail gestuurd zodat je je account kunt aanmaken.","protected":false},"author":1,"featured_media":0,"parent":0,"menu_order":0,"comment_status":"closed","ping_status":"closed","template":"","meta":{"footnotes":""},"class_list":["post-115009","page","type-page","status-publish","hentry"],"yoast_head":"<!-- This site is optimized with the Yoast SEO Premium plugin v26.7 (Yoast SEO v26.7) - https:\/\/yoast.com\/wordpress\/plugins\/seo\/ -->\n<title>Nieuwe account - bevestig je e-mail - gitesdewallonie.be<\/title>\n<meta name=\"robots\" content=\"index, follow, max-snippet:-1, max-image-preview:large, max-video-preview:-1\" \/>\n<link rel=\"canonical\" href=\"https:\/\/gitesdewallonie.be\/nl\/nieuwe-account-bevestig-je-e-mail\/\" \/>\n<meta property=\"og:locale\" content=\"nl_NL\" \/>\n<meta property=\"og:type\" content=\"article\" \/>\n<meta property=\"og:title\" content=\"Nieuwe account - bevestig je e-mail\" \/>\n<meta property=\"og:description\" content=\"We hebben je een verificatiemail gestuurd zodat je je account kunt aanmaken.\" \/>\n<meta property=\"og:url\" content=\"https:\/\/gitesdewallonie.be\/nl\/nieuwe-account-bevestig-je-e-mail\/\" \/>\n<meta property=\"og:site_name\" content=\"gitesdewallonie.be\" \/>\n<meta property=\"article:publisher\" content=\"https:\/\/www.facebook.com\/GitesdeWallonie\" \/>\n<meta property=\"article:modified_time\" content=\"2024-09-12T13:44:46+00:00\" \/>\n<meta property=\"og:image\" content=\"https:\/\/gdw.dev\/wp-content\/uploads\/2024\/04\/contact-09-1.svg\" \/>\n<meta name=\"twitter:card\" content=\"summary_large_image\" \/>\n<script type=\"application\/ld+json\" class=\"yoast-schema-graph\">{\"@context\":\"https:\/\/schema.org\",\"@graph\":[{\"@type\":\"WebPage\",\"@id\":\"https:\/\/gitesdewallonie.be\/nl\/nieuwe-account-bevestig-je-e-mail\/\",\"url\":\"https:\/\/gitesdewallonie.be\/nl\/nieuwe-account-bevestig-je-e-mail\/\",\"name\":\"Nieuwe account - bevestig je e-mail - gitesdewallonie.be\",\"isPartOf\":{\"@id\":\"https:\/\/gitesdewallonie.be\/nl\/#website\"},\"primaryImageOfPage\":{\"@id\":\"https:\/\/gitesdewallonie.be\/nl\/nieuwe-account-bevestig-je-e-mail\/#primaryimage\"},\"image\":{\"@id\":\"https:\/\/gitesdewallonie.be\/nl\/nieuwe-account-bevestig-je-e-mail\/#primaryimage\"},\"thumbnailUrl\":\"https:\/\/gdw.dev\/wp-content\/uploads\/2024\/04\/contact-09-1.svg\",\"datePublished\":\"2024-04-15T12:43:03+00:00\",\"dateModified\":\"2024-09-12T13:44:46+00:00\",\"breadcrumb\":{\"@id\":\"https:\/\/gitesdewallonie.be\/nl\/nieuwe-account-bevestig-je-e-mail\/#breadcrumb\"},\"inLanguage\":\"nl-NL\",\"potentialAction\":[{\"@type\":\"ReadAction\",\"target\":[\"https:\/\/gitesdewallonie.be\/nl\/nieuwe-account-bevestig-je-e-mail\/\"]}]},{\"@type\":\"ImageObject\",\"inLanguage\":\"nl-NL\",\"@id\":\"https:\/\/gitesdewallonie.be\/nl\/nieuwe-account-bevestig-je-e-mail\/#primaryimage\",\"url\":\"https:\/\/gdw.dev\/wp-content\/uploads\/2024\/04\/contact-09-1.svg\",\"contentUrl\":\"https:\/\/gdw.dev\/wp-content\/uploads\/2024\/04\/contact-09-1.svg\"},{\"@type\":\"BreadcrumbList\",\"@id\":\"https:\/\/gitesdewallonie.be\/nl\/nieuwe-account-bevestig-je-e-mail\/#breadcrumb\",\"itemListElement\":[{\"@type\":\"ListItem\",\"position\":1,\"name\":\"Accueil\",\"item\":\"https:\/\/gitesdewallonie.be\/nl\/\"},{\"@type\":\"ListItem\",\"position\":2,\"name\":\"Nieuwe account &#8211; bevestig je e-mail\"}]},{\"@type\":\"WebSite\",\"@id\":\"https:\/\/gitesdewallonie.be\/nl\/#website\",\"url\":\"https:\/\/gitesdewallonie.be\/nl\/\",\"name\":\"F\u00e9d\u00e9ration des G\u00eetes et Chambres d'h\u00f4tes de Wallonie\",\"description\":\"\",\"publisher\":{\"@id\":\"https:\/\/gitesdewallonie.be\/nl\/#organization\"},\"potentialAction\":[{\"@type\":\"SearchAction\",\"target\":{\"@type\":\"EntryPoint\",\"urlTemplate\":\"https:\/\/gitesdewallonie.be\/nl\/?s={search_term_string}\"},\"query-input\":{\"@type\":\"PropertyValueSpecification\",\"valueRequired\":true,\"valueName\":\"search_term_string\"}}],\"inLanguage\":\"nl-NL\"},{\"@type\":\"Organization\",\"@id\":\"https:\/\/gitesdewallonie.be\/nl\/#organization\",\"name\":\"F\u00e9d\u00e9ration des G\u00eetes et Chambres d'h\u00f4tes de Wallonie\",\"alternateName\":\"GDW\",\"url\":\"https:\/\/gitesdewallonie.be\/nl\/\",\"logo\":{\"@type\":\"ImageObject\",\"inLanguage\":\"nl-NL\",\"@id\":\"https:\/\/gitesdewallonie.be\/nl\/#\/schema\/logo\/image\/\",\"url\":\"https:\/\/gitesdewallonie.be\/wp-content\/uploads\/2024\/08\/logo-gdw.svg\",\"contentUrl\":\"https:\/\/gitesdewallonie.be\/wp-content\/uploads\/2024\/08\/logo-gdw.svg\",\"caption\":\"F\u00e9d\u00e9ration des G\u00eetes et Chambres d'h\u00f4tes de Wallonie\"},\"image\":{\"@id\":\"https:\/\/gitesdewallonie.be\/nl\/#\/schema\/logo\/image\/\"},\"sameAs\":[\"https:\/\/www.facebook.com\/GitesdeWallonie\",\"https:\/\/www.instagram.com\/gitesdewallonie.be\/\"]}]}<\/script>\n<!-- \/ Yoast SEO Premium plugin. -->","yoast_head_json":{"title":"Nieuwe account - bevestig je e-mail - gitesdewallonie.be","robots":{"index":"index","follow":"follow","max-snippet":"max-snippet:-1","max-image-preview":"max-image-preview:large","max-video-preview":"max-video-preview:-1"},"canonical":"https:\/\/gitesdewallonie.be\/nl\/nieuwe-account-bevestig-je-e-mail\/","og_locale":"nl_NL","og_type":"article","og_title":"Nieuwe account - bevestig je e-mail","og_description":"We hebben je een verificatiemail gestuurd zodat je je account kunt aanmaken.","og_url":"https:\/\/gitesdewallonie.be\/nl\/nieuwe-account-bevestig-je-e-mail\/","og_site_name":"gitesdewallonie.be","article_publisher":"https:\/\/www.facebook.com\/GitesdeWallonie","article_modified_time":"2024-09-12T13:44:46+00:00","og_image":[{"url":"https:\/\/gdw.dev\/wp-content\/uploads\/2024\/04\/contact-09-1.svg","type":"","width":"","height":""}],"twitter_card":"summary_large_image","schema":{"@context":"https:\/\/schema.org","@graph":[{"@type":"WebPage","@id":"https:\/\/gitesdewallonie.be\/nl\/nieuwe-account-bevestig-je-e-mail\/","url":"https:\/\/gitesdewallonie.be\/nl\/nieuwe-account-bevestig-je-e-mail\/","name":"Nieuwe account - bevestig je e-mail - gitesdewallonie.be","isPartOf":{"@id":"https:\/\/gitesdewallonie.be\/nl\/#website"},"primaryImageOfPage":{"@id":"https:\/\/gitesdewallonie.be\/nl\/nieuwe-account-bevestig-je-e-mail\/#primaryimage"},"image":{"@id":"https:\/\/gitesdewallonie.be\/nl\/nieuwe-account-bevestig-je-e-mail\/#primaryimage"},"thumbnailUrl":"https:\/\/gdw.dev\/wp-content\/uploads\/2024\/04\/contact-09-1.svg","datePublished":"2024-04-15T12:43:03+00:00","dateModified":"2024-09-12T13:44:46+00:00","breadcrumb":{"@id":"https:\/\/gitesdewallonie.be\/nl\/nieuwe-account-bevestig-je-e-mail\/#breadcrumb"},"inLanguage":"nl-NL","potentialAction":[{"@type":"ReadAction","target":["https:\/\/gitesdewallonie.be\/nl\/nieuwe-account-bevestig-je-e-mail\/"]}]},{"@type":"ImageObject","inLanguage":"nl-NL","@id":"https:\/\/gitesdewallonie.be\/nl\/nieuwe-account-bevestig-je-e-mail\/#primaryimage","url":"https:\/\/gdw.dev\/wp-content\/uploads\/2024\/04\/contact-09-1.svg","contentUrl":"https:\/\/gdw.dev\/wp-content\/uploads\/2024\/04\/contact-09-1.svg"},{"@type":"BreadcrumbList","@id":"https:\/\/gitesdewallonie.be\/nl\/nieuwe-account-bevestig-je-e-mail\/#breadcrumb","itemListElement":[{"@type":"ListItem","position":1,"name":"Accueil","item":"https:\/\/gitesdewallonie.be\/nl\/"},{"@type":"ListItem","position":2,"name":"Nieuwe account &#8211; bevestig je e-mail"}]},{"@type":"WebSite","@id":"https:\/\/gitesdewallonie.be\/nl\/#website","url":"https:\/\/gitesdewallonie.be\/nl\/","name":"F\u00e9d\u00e9ration des G\u00eetes et Chambres d'h\u00f4tes de Wallonie","description":"","publisher":{"@id":"https:\/\/gitesdewallonie.be\/nl\/#organization"},"potentialAction":[{"@type":"SearchAction","target":{"@type":"EntryPoint","urlTemplate":"https:\/\/gitesdewallonie.be\/nl\/?s={search_term_string}"},"query-input":{"@type":"PropertyValueSpecification","valueRequired":true,"valueName":"search_term_string"}}],"inLanguage":"nl-NL"},{"@type":"Organization","@id":"https:\/\/gitesdewallonie.be\/nl\/#organization","name":"F\u00e9d\u00e9ration des G\u00eetes et Chambres d'h\u00f4tes de Wallonie","alternateName":"GDW","url":"https:\/\/gitesdewallonie.be\/nl\/","logo":{"@type":"ImageObject","inLanguage":"nl-NL","@id":"https:\/\/gitesdewallonie.be\/nl\/#\/schema\/logo\/image\/","url":"https:\/\/gitesdewallonie.be\/wp-content\/uploads\/2024\/08\/logo-gdw.svg","contentUrl":"https:\/\/gitesdewallonie.be\/wp-content\/uploads\/2024\/08\/logo-gdw.svg","caption":"F\u00e9d\u00e9ration des G\u00eetes et Chambres d'h\u00f4tes de Wallonie"},"image":{"@id":"https:\/\/gitesdewallonie.be\/nl\/#\/schema\/logo\/image\/"},"sameAs":["https:\/\/www.facebook.com\/GitesdeWallonie","https:\/\/www.instagram.com\/gitesdewallonie.be\/"]}]}},"_links":{"self":[{"href":"https:\/\/gitesdewallonie.be\/nl\/wp-json\/wp\/v2\/pages\/115009","targetHints":{"allow":["GET"]}}],"collection":[{"href":"https:\/\/gitesdewallonie.be\/nl\/wp-json\/wp\/v2\/pages"}],"about":[{"href":"https:\/\/gitesdewallonie.be\/nl\/wp-json\/wp\/v2\/types\/page"}],"author":[{"embeddable":true,"href":"https:\/\/gitesdewallonie.be\/nl\/wp-json\/wp\/v2\/users\/1"}],"replies":[{"embeddable":true,"href":"https:\/\/gitesdewallonie.be\/nl\/wp-json\/wp\/v2\/comments?post=115009"}],"version-history":[{"count":1,"href":"https:\/\/gitesdewallonie.be\/nl\/wp-json\/wp\/v2\/pages\/115009\/revisions"}],"predecessor-version":[{"id":115010,"href":"https:\/\/gitesdewallonie.be\/nl\/wp-json\/wp\/v2\/pages\/115009\/revisions\/115010"}],"wp:attachment":[{"href":"https:\/\/gitesdewallonie.be\/nl\/wp-json\/wp\/v2\/media?parent=115009"}],"curies":[{"name":"wp","href":"https:\/\/api.w.org\/{rel}","templated":true}]}}