{"id":116866,"date":"2025-03-04T13:59:34","date_gmt":"2025-03-04T12:59:34","guid":{"rendered":"https:\/\/gitesdewallonie.be\/kaart\/"},"modified":"2025-03-04T14:11:58","modified_gmt":"2025-03-04T13:11:58","slug":"kaart","status":"publish","type":"page","link":"https:\/\/gitesdewallonie.be\/nl\/kaart\/","title":{"rendered":"Kaart"},"content":{"rendered":"<ul><li><a href=\"https:\/\/gitesdewallonie.be\/nl\/\">800+ Vakantiehuizen en B&amp;B&#039;s in de Ardennen<\/a><\/li><li><a href=\"https:\/\/gitesdewallonie.be\/nl\/bed-and-breakfast-in-ardennen\/\">Bed and breakfast en BB : verblijf bij de lokale bevolking en geniet van een onvergetelijke vakantie-ervaring<\/a><\/li><li><a href=\"https:\/\/gitesdewallonie.be\/nl\/bed-and-breakfast-op-de-boerderij-in-de-ardennen\/\">Bed and breakfast op de boerderij in de Ardennen : ontdek het plattelandsleven<\/a><\/li><li><a href=\"https:\/\/gitesdewallonie.be\/nl\/bed-and-breakfasts-in-de-ardennen\/\">Bed and breakfasts (B&amp;Bs) in de Ardennen<\/a><\/li><li><a href=\"https:\/\/gitesdewallonie.be\/nl\/bestemmingen\/\">Bestemmingen<\/a><ul><li><a href=\"https:\/\/gitesdewallonie.be\/nl\/bestemmingen\/weekend-in-de-ardennen\/\">Weekendje Ardennen : De Beste Adresjes<\/a><\/li><li><a href=\"https:\/\/gitesdewallonie.be\/nl\/bestemmingen\/weekendje-durbuy\/\">Weekendje Durbuy : De Beste Adressen<\/a><ul><li><a href=\"https:\/\/gitesdewallonie.be\/nl\/bestemmingen\/weekendje-durbuy\/vakantiehuizen-in-durbuy\/\">Vakantiehuizen in Durbuy : De Beste Adressen<\/a><\/li><\/ul><\/li><\/ul><\/li><li><a href=\"https:\/\/gitesdewallonie.be\/nl\/chalet-huren-ardennen\/\">Chalet huren in de Ardennen<\/a><\/li><li><a href=\"https:\/\/gitesdewallonie.be\/nl\/onze-themaverblijven\/\">De beste themavakantiehuizen en BB&#039;s<\/a><\/li><li><a href=\"https:\/\/gitesdewallonie.be\/nl\/het-label-gites-de-wallonie\/\">Het label G\u00eetes et Chambres d&#039;h\u00f4tes de Wallonie<\/a><ul><li><a href=\"https:\/\/gitesdewallonie.be\/nl\/het-label-gites-de-wallonie\/kwaliteitscharter-voor-gites-et-chambres-dhotes-de-wallonie\/\">Kwaliteitscharter voor G\u00eetes et Chambres d&#039;h\u00f4tes de Wallonie<\/a><\/li><\/ul><\/li><li><a href=\"https:\/\/gitesdewallonie.be\/nl\/ik-maak-mijn-account-aan\/\">Ik maak mijn account aan<\/a><ul><li><a href=\"https:\/\/gitesdewallonie.be\/nl\/ik-maak-mijn-account-aan\/bedankt-voor-uw-registratie\/\">Bedankt voor uw registratie<\/a><\/li><\/ul><\/li><li><a href=\"https:\/\/gitesdewallonie.be\/nl\/juridische-informatie\/\">Juridische informatie<\/a><\/li><li><a href=\"https:\/\/gitesdewallonie.be\/nl\/kaart\/\">Kaart<\/a><\/li><li><a href=\"https:\/\/gitesdewallonie.be\/nl\/mijn-account\/\">Mijn account<\/a><ul><li><a href=\"https:\/\/gitesdewallonie.be\/nl\/mijn-account\/favorieten\/\">Favorieten<\/a><\/li><\/ul><\/li><li><a href=\"https:\/\/gitesdewallonie.be\/nl\/neem-contact-op-met\/\">Neem contact op met<\/a><ul><li><a href=\"https:\/\/gitesdewallonie.be\/nl\/neem-contact-op-met\/bedankt-voor-uw-verzoek\/\">Bedankt voor uw verzoek<\/a><\/li><\/ul><\/li><li><a href=\"https:\/\/gitesdewallonie.be\/nl\/nieuwe-account-bevestig-je-e-mail\/\">Nieuwe account &#8211; bevestig je e-mail<\/a><\/li><li><a href=\"https:\/\/gitesdewallonie.be\/nl\/origineel-overnachten-in-de-ardennen\/\">Origineel overnachten in de Ardennen<\/a><\/li><li><a href=\"https:\/\/gitesdewallonie.be\/nl\/privacybeleid\/\">Privacybeleid<\/a><\/li><li><a href=\"https:\/\/gitesdewallonie.be\/nl\/slapen-in-een-kasteel-in-de-ardennen\/\">Slapen in een kasteel in de Ardennen<\/a><\/li><li><a href=\"https:\/\/gitesdewallonie.be\/nl\/stuur-een-bericht-naar-de-eigenaar\/\">Stuur een bericht naar de eigenaar!<\/a><ul><li><a href=\"https:\/\/gitesdewallonie.be\/nl\/stuur-een-bericht-naar-de-eigenaar\/bedankt-voor-uw-verzoek\/\">Bedankt voor uw verzoek<\/a><\/li><\/ul><\/li><li><a href=\"https:\/\/gitesdewallonie.be\/nl\/vakantiehuis-en-bed-and-breakfast-wat-zijn-de-verschillen\/\">Vakantiehuis en Bed and Breakfast : wat zijn de verschillen ?<\/a><\/li><li><a href=\"https:\/\/gitesdewallonie.be\/nl\/vakantiehuisje-in-de-stad-in-ardennen\/\">Vakantiehuis in de stad in de Ardennen : ideale accommodatie voor een citytrip<\/a><\/li><li><a href=\"https:\/\/gitesdewallonie.be\/nl\/vakantiehuis-op-de-hoeve-in-ardennen\/\">Vakantiehuis op de boerderij in de Ardennen : herverbinden met de natuur<\/a><\/li><li><a href=\"https:\/\/gitesdewallonie.be\/nl\/vakantiehuis-op-het-platteland-in-ardennen\/\">Vakantiehuis op het platteland : verblijf in de Ardennen<\/a><\/li><li><a href=\"https:\/\/gitesdewallonie.be\/nl\/vakantiehuizen-in-ardennen\/\">Vakantiehuizen in de Ardennen<\/a><\/li><li><a href=\"https:\/\/gitesdewallonie.be\/nl\/vakantiewoning-in-de-ardennen\/\">Vakantiewoning in de Ardennen : verblijf in een zelfstandige, onafhankelijke accommodatie<\/a><\/li><li><a href=\"https:\/\/gitesdewallonie.be\/nl\/veelgestelde-vragen\/\">Veelgestelde vragen<\/a><\/li><li><a href=\"https:\/\/gitesdewallonie.be\/nl\/verhuur-van-geschakelde-vakantiehuisjes\/\">Verhuur van geschakelde vakantiehuisjes in de Ardennen<\/a><\/li><li><a href=\"https:\/\/gitesdewallonie.be\/nl\/een-vakantiehuis-vinden\/\">Vind uw ideale vakantiehuis in de Ardennen \u2013 Meer dan 800 accommodaties<\/a><\/li><\/ul>","protected":false},"excerpt":{"rendered":"","protected":false},"author":1,"featured_media":0,"parent":0,"menu_order":0,"comment_status":"closed","ping_status":"closed","template":"","meta":{"footnotes":""},"class_list":["post-116866","page","type-page","status-publish","hentry"],"yoast_head":"<!-- This site is optimized with the Yoast SEO Premium plugin v26.7 (Yoast SEO v26.7) - https:\/\/yoast.com\/wordpress\/plugins\/seo\/ -->\n<title>Kaart - gitesdewallonie.be<\/title>\n<meta name=\"robots\" content=\"index, follow, max-snippet:-1, max-image-preview:large, max-video-preview:-1\" \/>\n<link rel=\"canonical\" href=\"https:\/\/gitesdewallonie.be\/nl\/kaart\/\" \/>\n<meta property=\"og:locale\" content=\"nl_NL\" \/>\n<meta property=\"og:type\" content=\"article\" \/>\n<meta property=\"og:title\" content=\"Kaart\" \/>\n<meta property=\"og:url\" content=\"https:\/\/gitesdewallonie.be\/nl\/kaart\/\" \/>\n<meta property=\"og:site_name\" content=\"gitesdewallonie.be\" \/>\n<meta property=\"article:publisher\" content=\"https:\/\/www.facebook.com\/GitesdeWallonie\" \/>\n<meta property=\"article:modified_time\" content=\"2025-03-04T13:11:58+00:00\" \/>\n<meta name=\"twitter:card\" content=\"summary_large_image\" \/>\n<script type=\"application\/ld+json\" class=\"yoast-schema-graph\">{\"@context\":\"https:\/\/schema.org\",\"@graph\":[{\"@type\":\"WebPage\",\"@id\":\"https:\/\/gitesdewallonie.be\/nl\/kaart\/\",\"url\":\"https:\/\/gitesdewallonie.be\/nl\/kaart\/\",\"name\":\"Kaart - gitesdewallonie.be\",\"isPartOf\":{\"@id\":\"https:\/\/gitesdewallonie.be\/nl\/#website\"},\"datePublished\":\"2025-03-04T12:59:34+00:00\",\"dateModified\":\"2025-03-04T13:11:58+00:00\",\"breadcrumb\":{\"@id\":\"https:\/\/gitesdewallonie.be\/nl\/kaart\/#breadcrumb\"},\"inLanguage\":\"nl-NL\",\"potentialAction\":[{\"@type\":\"ReadAction\",\"target\":[\"https:\/\/gitesdewallonie.be\/nl\/kaart\/\"]}]},{\"@type\":\"BreadcrumbList\",\"@id\":\"https:\/\/gitesdewallonie.be\/nl\/kaart\/#breadcrumb\",\"itemListElement\":[{\"@type\":\"ListItem\",\"position\":1,\"name\":\"Accueil\",\"item\":\"https:\/\/gitesdewallonie.be\/nl\/\"},{\"@type\":\"ListItem\",\"position\":2,\"name\":\"Kaart\"}]},{\"@type\":\"WebSite\",\"@id\":\"https:\/\/gitesdewallonie.be\/nl\/#website\",\"url\":\"https:\/\/gitesdewallonie.be\/nl\/\",\"name\":\"F\u00e9d\u00e9ration des G\u00eetes et Chambres d'h\u00f4tes de Wallonie\",\"description\":\"\",\"publisher\":{\"@id\":\"https:\/\/gitesdewallonie.be\/nl\/#organization\"},\"potentialAction\":[{\"@type\":\"SearchAction\",\"target\":{\"@type\":\"EntryPoint\",\"urlTemplate\":\"https:\/\/gitesdewallonie.be\/nl\/?s={search_term_string}\"},\"query-input\":{\"@type\":\"PropertyValueSpecification\",\"valueRequired\":true,\"valueName\":\"search_term_string\"}}],\"inLanguage\":\"nl-NL\"},{\"@type\":\"Organization\",\"@id\":\"https:\/\/gitesdewallonie.be\/nl\/#organization\",\"name\":\"F\u00e9d\u00e9ration des G\u00eetes et Chambres d'h\u00f4tes de Wallonie\",\"alternateName\":\"GDW\",\"url\":\"https:\/\/gitesdewallonie.be\/nl\/\",\"logo\":{\"@type\":\"ImageObject\",\"inLanguage\":\"nl-NL\",\"@id\":\"https:\/\/gitesdewallonie.be\/nl\/#\/schema\/logo\/image\/\",\"url\":\"https:\/\/gitesdewallonie.be\/wp-content\/uploads\/2024\/08\/logo-gdw.svg\",\"contentUrl\":\"https:\/\/gitesdewallonie.be\/wp-content\/uploads\/2024\/08\/logo-gdw.svg\",\"caption\":\"F\u00e9d\u00e9ration des G\u00eetes et Chambres d'h\u00f4tes de Wallonie\"},\"image\":{\"@id\":\"https:\/\/gitesdewallonie.be\/nl\/#\/schema\/logo\/image\/\"},\"sameAs\":[\"https:\/\/www.facebook.com\/GitesdeWallonie\",\"https:\/\/www.instagram.com\/gitesdewallonie.be\/\"]}]}<\/script>\n<!-- \/ Yoast SEO Premium plugin. -->","yoast_head_json":{"title":"Kaart - gitesdewallonie.be","robots":{"index":"index","follow":"follow","max-snippet":"max-snippet:-1","max-image-preview":"max-image-preview:large","max-video-preview":"max-video-preview:-1"},"canonical":"https:\/\/gitesdewallonie.be\/nl\/kaart\/","og_locale":"nl_NL","og_type":"article","og_title":"Kaart","og_url":"https:\/\/gitesdewallonie.be\/nl\/kaart\/","og_site_name":"gitesdewallonie.be","article_publisher":"https:\/\/www.facebook.com\/GitesdeWallonie","article_modified_time":"2025-03-04T13:11:58+00:00","twitter_card":"summary_large_image","schema":{"@context":"https:\/\/schema.org","@graph":[{"@type":"WebPage","@id":"https:\/\/gitesdewallonie.be\/nl\/kaart\/","url":"https:\/\/gitesdewallonie.be\/nl\/kaart\/","name":"Kaart - gitesdewallonie.be","isPartOf":{"@id":"https:\/\/gitesdewallonie.be\/nl\/#website"},"datePublished":"2025-03-04T12:59:34+00:00","dateModified":"2025-03-04T13:11:58+00:00","breadcrumb":{"@id":"https:\/\/gitesdewallonie.be\/nl\/kaart\/#breadcrumb"},"inLanguage":"nl-NL","potentialAction":[{"@type":"ReadAction","target":["https:\/\/gitesdewallonie.be\/nl\/kaart\/"]}]},{"@type":"BreadcrumbList","@id":"https:\/\/gitesdewallonie.be\/nl\/kaart\/#breadcrumb","itemListElement":[{"@type":"ListItem","position":1,"name":"Accueil","item":"https:\/\/gitesdewallonie.be\/nl\/"},{"@type":"ListItem","position":2,"name":"Kaart"}]},{"@type":"WebSite","@id":"https:\/\/gitesdewallonie.be\/nl\/#website","url":"https:\/\/gitesdewallonie.be\/nl\/","name":"F\u00e9d\u00e9ration des G\u00eetes et Chambres d'h\u00f4tes de Wallonie","description":"","publisher":{"@id":"https:\/\/gitesdewallonie.be\/nl\/#organization"},"potentialAction":[{"@type":"SearchAction","target":{"@type":"EntryPoint","urlTemplate":"https:\/\/gitesdewallonie.be\/nl\/?s={search_term_string}"},"query-input":{"@type":"PropertyValueSpecification","valueRequired":true,"valueName":"search_term_string"}}],"inLanguage":"nl-NL"},{"@type":"Organization","@id":"https:\/\/gitesdewallonie.be\/nl\/#organization","name":"F\u00e9d\u00e9ration des G\u00eetes et Chambres d'h\u00f4tes de Wallonie","alternateName":"GDW","url":"https:\/\/gitesdewallonie.be\/nl\/","logo":{"@type":"ImageObject","inLanguage":"nl-NL","@id":"https:\/\/gitesdewallonie.be\/nl\/#\/schema\/logo\/image\/","url":"https:\/\/gitesdewallonie.be\/wp-content\/uploads\/2024\/08\/logo-gdw.svg","contentUrl":"https:\/\/gitesdewallonie.be\/wp-content\/uploads\/2024\/08\/logo-gdw.svg","caption":"F\u00e9d\u00e9ration des G\u00eetes et Chambres d'h\u00f4tes de Wallonie"},"image":{"@id":"https:\/\/gitesdewallonie.be\/nl\/#\/schema\/logo\/image\/"},"sameAs":["https:\/\/www.facebook.com\/GitesdeWallonie","https:\/\/www.instagram.com\/gitesdewallonie.be\/"]}]}},"_links":{"self":[{"href":"https:\/\/gitesdewallonie.be\/nl\/wp-json\/wp\/v2\/pages\/116866","targetHints":{"allow":["GET"]}}],"collection":[{"href":"https:\/\/gitesdewallonie.be\/nl\/wp-json\/wp\/v2\/pages"}],"about":[{"href":"https:\/\/gitesdewallonie.be\/nl\/wp-json\/wp\/v2\/types\/page"}],"author":[{"embeddable":true,"href":"https:\/\/gitesdewallonie.be\/nl\/wp-json\/wp\/v2\/users\/1"}],"replies":[{"embeddable":true,"href":"https:\/\/gitesdewallonie.be\/nl\/wp-json\/wp\/v2\/comments?post=116866"}],"version-history":[{"count":2,"href":"https:\/\/gitesdewallonie.be\/nl\/wp-json\/wp\/v2\/pages\/116866\/revisions"}],"predecessor-version":[{"id":116869,"href":"https:\/\/gitesdewallonie.be\/nl\/wp-json\/wp\/v2\/pages\/116866\/revisions\/116869"}],"wp:attachment":[{"href":"https:\/\/gitesdewallonie.be\/nl\/wp-json\/wp\/v2\/media?parent=116866"}],"curies":[{"name":"wp","href":"https:\/\/api.w.org\/{rel}","templated":true}]}}