{"id":120093,"date":"2026-05-05T16:28:59","date_gmt":"2026-05-05T14:28:59","guid":{"rendered":"https:\/\/gitesdewallonie.be\/?page_id=120093"},"modified":"2026-05-06T11:50:18","modified_gmt":"2026-05-06T09:50:18","slug":"aanpassing-regelgeving-20-mei","status":"publish","type":"page","link":"https:\/\/gitesdewallonie.be\/nl\/aanpassing-regelgeving-20-mei\/","title":{"rendered":"Zal uw accommodatie vanaf 20 mei 2026 nog online te zien zijn ?"},"content":{"rendered":"\n<figure class=\"wp-block-image aligncenter size-full is-resized\"><img loading=\"lazy\" decoding=\"async\" width=\"940\" height=\"788\" src=\"https:\/\/gitesdewallonie.be\/wp-content\/uploads\/2026\/05\/Pub-Reglement-europeen-NL.png\" alt=\"\" class=\"wp-image-120099\" style=\"aspect-ratio:1.1929141522289275;width:443px;height:auto\" srcset=\"https:\/\/gitesdewallonie.be\/wp-content\/uploads\/2026\/05\/Pub-Reglement-europeen-NL.png 940w, https:\/\/gitesdewallonie.be\/wp-content\/uploads\/2026\/05\/Pub-Reglement-europeen-NL-300x251.png 300w, https:\/\/gitesdewallonie.be\/wp-content\/uploads\/2026\/05\/Pub-Reglement-europeen-NL-768x644.png 768w\" sizes=\"auto, (max-width: 940px) 100vw, 940px\" \/><\/figure>\n\n\n\n<p>Zonder registratienummer kan uw accommodatie van platforms als Airbnb, Booking of Expedia verdwijnen.<\/p>\n\n\n\n<div class=\"wp-block-buttons is-content-justification-center is-layout-flex wp-container-core-buttons-is-layout-a89b3969 wp-block-buttons-is-layout-flex\">\n<div class=\"wp-block-button-wrapper\"><div class=\"wp-block-button\"><a class=\"wp-block-button__link wp-element-button\" href=\"https:\/\/www.tourismewallonie.be\/hebergements-enregistres\/\" target=\"_blank\" rel=\"noreferrer noopener\">Ik controleer of ik aan alle voorschriften voldoe<\/a><\/div><\/div>\n<\/div>\n\n\n\n<h2 class=\"wp-block-heading\" id=\"h-wat-er-concreet-verandert\">Wat er concreet verandert :<\/h2>\n\n\n\n<ul class=\"wp-block-list\">\n<li>Vanaf 20 mei 2026 is een registratienummer verplicht om toeristische accommodaties via een platform (Airbnb, Booking.com, Expedia\u2026) aan te bieden<\/li>\n\n\n\n<li>Platforms kunnen uw advertentie blokkeren als u dit nummer niet hebt<\/li>\n\n\n\n<li>De controles zullen worden verscherpt<\/li>\n\n\n\n<li>Er zijn sancties voorzien bij niet-naleving (gevangenisstraf van acht dagen tot \u00e9\u00e9n maand of een boete van 75 euro tot 7.500 euro)<\/li>\n<\/ul>\n\n\n\n<p>Het negeren van deze verplichting kan u duur komen te staan !<\/p>\n\n\n\n<h2 class=\"wp-block-heading\" id=\"h-dit-geldt-voor-u-als\">Dit geldt voor u als\u2026<\/h2>\n\n\n\n<ul class=\"wp-block-list\">\n<li>U verhuurt via Airbnb, Booking.com of andere platforms<\/li>\n\n\n\n<li>U niet zeker weet of u een registratienummer heeft<\/li>\n\n\n\n<li>U twijfelt of u aan de regels voldoet<\/li>\n\n\n\n<li>U uw activiteit zonder begeleiding bent gestart<\/li>\n<\/ul>\n\n\n\n<p>Als u ten minste \u00e9\u00e9n punt heeft aangevinkt, is het essentieel om uw situatie te controleren.<\/p>\n\n\n\n<h2 class=\"wp-block-heading\" id=\"h-wat-u-absoluut-moet-controleren\">Wat u absoluut moet controleren<\/h2>\n\n\n\n<p>Eenvoudige checklist :<\/p>\n\n\n\n<p>\u2714\ufe0f Heeft u een geldig registratienummer?<\/p>\n\n\n\n<p>\u2714\ufe0f Voldoet uw accommodatie aan de regionale verplichtingen?<\/p>\n\n\n\n<p>\u2714\ufe0f Zijn uw gegevens correct aangegeven?<\/p>\n\n\n\n<h2 class=\"wp-block-heading\" id=\"h-neem-geen-onnodige-risico-s\">Neem geen onnodige risico&#8217;s<\/h2>\n\n\n\n<p>Al meer dan 30 jaar begeleidt de F\u00e9d\u00e9ration des G\u00eetes et Chambres d\u2019h\u00f4tes de Wallonie eigenaren van g\u00eetes en chambres d\u2019h\u00f4tes in Walloni\u00eb om hun activiteit veilig te stellen en te ontwikkelen.<\/p>\n\n\n\n<p>Wij helpen u om :<\/p>\n\n\n\n<ul class=\"wp-block-list\">\n<li>uw verplichtingen te begrijpen<\/li>\n\n\n\n<li>uw situatie snel in orde te brengen<\/li>\n\n\n\n<li>administratieve fouten te vermijden<\/li>\n<\/ul>\n\n\n\n<p>Als u lid wordt, profiteert u van :<\/p>\n\n\n\n<p>\u2714\ufe0f Persoonlijke begeleiding om 100% in orde te zijn<\/p>\n\n\n\n<p>\u2714\ufe0f Meer zichtbaarheid om meer reizigers aan te trekken<\/p>\n\n\n\n<p>\u2714\ufe0f Directe boekingen zonder commissie<\/p>\n\n\n\n<p>\u2714\ufe0f Een netwerk en advies van experts uit de sector<br><\/p>\n\n\n\n<p>U kunt gerust zijn: uw bedrijf voldoet aan alle voorschriften en is veilig.<\/p>\n\n\n\n<h2 class=\"wp-block-heading\" id=\"h-waarom-zou-u-ons-vertrouwen\">Waarom zou u ons vertrouwen ?<\/h2>\n\n\n\n<ul class=\"wp-block-list\">\n<li>+20.000 begeleide verhuurders<\/li>\n\n\n\n<li>+30 jaar ervaring<\/li>\n\n\n\n<li>Een grondige kennis van de regelgeving in Walloni\u00eb<\/li>\n<\/ul>\n\n\n\n<h2 class=\"wp-block-heading\" id=\"h-laat-uw-bedrijf-niet-stilvallen\">Laat uw bedrijf niet stilvallen !<\/h2>\n\n\n\n<p>20 mei komt eraan. Zorg ervoor dat u vandaag nog aan alle regels voldoet.<\/p>\n\n\n\n<div class=\"wp-block-buttons is-content-justification-center is-layout-flex wp-container-core-buttons-is-layout-a89b3969 wp-block-buttons-is-layout-flex\">\n<div class=\"wp-block-button-wrapper\"><div class=\"wp-block-button\"><a class=\"wp-block-button__link wp-element-button\" href=\"https:\/\/gitesdewallonie.be\/devenir-membre\/devenir-membre-des-gites-et-chambres-dhotes-de-wallonie\/\" target=\"_blank\" rel=\"noreferrer noopener\">Ik word lid<\/a><\/div><\/div>\n<\/div>\n\n\n\n<div style=\"height:100px\" aria-hidden=\"true\" class=\"wp-block-spacer\"><\/div>\n","protected":false},"excerpt":{"rendered":"Zonder registratienummer kan uw accommodatie van platforms als Airbnb, Booking of Expedia verdwijnen. Wat er concreet verandert : Het negeren van deze verplichting kan u duur komen te staan ! Dit geldt voor u als\u2026 Als u ten minste \u00e9\u00e9n punt heeft aangevinkt, is het essentieel om uw situatie te controleren. Wat u absoluut moet [&hellip;]","protected":false},"author":2,"featured_media":0,"parent":0,"menu_order":0,"comment_status":"closed","ping_status":"closed","template":"","meta":{"footnotes":""},"class_list":["post-120093","page","type-page","status-publish","hentry"],"yoast_head":"<!-- This site is optimized with the Yoast SEO Premium plugin v26.7 (Yoast SEO v26.7) - https:\/\/yoast.com\/wordpress\/plugins\/seo\/ -->\n<title>Zal uw accommodatie vanaf 20 mei 2026 nog online te zien zijn ? - gitesdewallonie.be<\/title>\n<meta name=\"robots\" content=\"index, follow, max-snippet:-1, max-image-preview:large, max-video-preview:-1\" \/>\n<link rel=\"canonical\" href=\"https:\/\/gitesdewallonie.be\/nl\/aanpassing-regelgeving-20-mei\/\" \/>\n<meta property=\"og:locale\" content=\"nl_NL\" \/>\n<meta property=\"og:type\" content=\"article\" \/>\n<meta property=\"og:title\" content=\"Zal uw accommodatie vanaf 20 mei 2026 nog online te zien zijn ?\" \/>\n<meta property=\"og:description\" content=\"Zonder registratienummer kan uw accommodatie van platforms als Airbnb, Booking of Expedia verdwijnen. Wat er concreet verandert : Het negeren van deze verplichting kan u duur komen te staan ! Dit geldt voor u als\u2026 Als u ten minste \u00e9\u00e9n punt heeft aangevinkt, is het essentieel om uw situatie te controleren. Wat u absoluut moet [&hellip;]\" \/>\n<meta property=\"og:url\" content=\"https:\/\/gitesdewallonie.be\/nl\/aanpassing-regelgeving-20-mei\/\" \/>\n<meta property=\"og:site_name\" content=\"gitesdewallonie.be\" \/>\n<meta property=\"article:publisher\" content=\"https:\/\/www.facebook.com\/GitesdeWallonie\" \/>\n<meta property=\"article:modified_time\" content=\"2026-05-06T09:50:18+00:00\" \/>\n<meta property=\"og:image\" content=\"https:\/\/gitesdewallonie.be\/wp-content\/uploads\/2026\/05\/Pub-Reglement-europeen-NL.png\" \/>\n\t<meta property=\"og:image:width\" content=\"940\" \/>\n\t<meta property=\"og:image:height\" content=\"788\" \/>\n\t<meta property=\"og:image:type\" content=\"image\/png\" \/>\n<meta name=\"twitter:card\" content=\"summary_large_image\" \/>\n<meta name=\"twitter:label1\" content=\"Est. reading time\" \/>\n\t<meta name=\"twitter:data1\" content=\"2 minutes\" \/>\n<script type=\"application\/ld+json\" class=\"yoast-schema-graph\">{\"@context\":\"https:\/\/schema.org\",\"@graph\":[{\"@type\":\"WebPage\",\"@id\":\"https:\/\/gitesdewallonie.be\/nl\/aanpassing-regelgeving-20-mei\/\",\"url\":\"https:\/\/gitesdewallonie.be\/nl\/aanpassing-regelgeving-20-mei\/\",\"name\":\"Zal uw accommodatie vanaf 20 mei 2026 nog online te zien zijn ? - gitesdewallonie.be\",\"isPartOf\":{\"@id\":\"https:\/\/gitesdewallonie.be\/nl\/#website\"},\"primaryImageOfPage\":{\"@id\":\"https:\/\/gitesdewallonie.be\/nl\/aanpassing-regelgeving-20-mei\/#primaryimage\"},\"image\":{\"@id\":\"https:\/\/gitesdewallonie.be\/nl\/aanpassing-regelgeving-20-mei\/#primaryimage\"},\"thumbnailUrl\":\"https:\/\/gitesdewallonie.be\/wp-content\/uploads\/2026\/05\/Pub-Reglement-europeen-NL.png\",\"datePublished\":\"2026-05-05T14:28:59+00:00\",\"dateModified\":\"2026-05-06T09:50:18+00:00\",\"breadcrumb\":{\"@id\":\"https:\/\/gitesdewallonie.be\/nl\/aanpassing-regelgeving-20-mei\/#breadcrumb\"},\"inLanguage\":\"nl-NL\",\"potentialAction\":[{\"@type\":\"ReadAction\",\"target\":[\"https:\/\/gitesdewallonie.be\/nl\/aanpassing-regelgeving-20-mei\/\"]}]},{\"@type\":\"ImageObject\",\"inLanguage\":\"nl-NL\",\"@id\":\"https:\/\/gitesdewallonie.be\/nl\/aanpassing-regelgeving-20-mei\/#primaryimage\",\"url\":\"https:\/\/gitesdewallonie.be\/wp-content\/uploads\/2026\/05\/Pub-Reglement-europeen-NL.png\",\"contentUrl\":\"https:\/\/gitesdewallonie.be\/wp-content\/uploads\/2026\/05\/Pub-Reglement-europeen-NL.png\"},{\"@type\":\"BreadcrumbList\",\"@id\":\"https:\/\/gitesdewallonie.be\/nl\/aanpassing-regelgeving-20-mei\/#breadcrumb\",\"itemListElement\":[{\"@type\":\"ListItem\",\"position\":1,\"name\":\"Accueil\",\"item\":\"https:\/\/gitesdewallonie.be\/nl\/\"},{\"@type\":\"ListItem\",\"position\":2,\"name\":\"Zal uw accommodatie vanaf 20 mei 2026 nog online te zien zijn ?\"}]},{\"@type\":\"WebSite\",\"@id\":\"https:\/\/gitesdewallonie.be\/nl\/#website\",\"url\":\"https:\/\/gitesdewallonie.be\/nl\/\",\"name\":\"F\u00e9d\u00e9ration des G\u00eetes et Chambres d'h\u00f4tes de Wallonie\",\"description\":\"\",\"publisher\":{\"@id\":\"https:\/\/gitesdewallonie.be\/nl\/#organization\"},\"potentialAction\":[{\"@type\":\"SearchAction\",\"target\":{\"@type\":\"EntryPoint\",\"urlTemplate\":\"https:\/\/gitesdewallonie.be\/nl\/?s={search_term_string}\"},\"query-input\":{\"@type\":\"PropertyValueSpecification\",\"valueRequired\":true,\"valueName\":\"search_term_string\"}}],\"inLanguage\":\"nl-NL\"},{\"@type\":\"Organization\",\"@id\":\"https:\/\/gitesdewallonie.be\/nl\/#organization\",\"name\":\"F\u00e9d\u00e9ration des G\u00eetes et Chambres d'h\u00f4tes de Wallonie\",\"alternateName\":\"GDW\",\"url\":\"https:\/\/gitesdewallonie.be\/nl\/\",\"logo\":{\"@type\":\"ImageObject\",\"inLanguage\":\"nl-NL\",\"@id\":\"https:\/\/gitesdewallonie.be\/nl\/#\/schema\/logo\/image\/\",\"url\":\"https:\/\/gitesdewallonie.be\/wp-content\/uploads\/2024\/08\/logo-gdw.svg\",\"contentUrl\":\"https:\/\/gitesdewallonie.be\/wp-content\/uploads\/2024\/08\/logo-gdw.svg\",\"caption\":\"F\u00e9d\u00e9ration des G\u00eetes et Chambres d'h\u00f4tes de Wallonie\"},\"image\":{\"@id\":\"https:\/\/gitesdewallonie.be\/nl\/#\/schema\/logo\/image\/\"},\"sameAs\":[\"https:\/\/www.facebook.com\/GitesdeWallonie\",\"https:\/\/www.instagram.com\/gitesdewallonie.be\/\"]}]}<\/script>\n<!-- \/ Yoast SEO Premium plugin. -->","yoast_head_json":{"title":"Zal uw accommodatie vanaf 20 mei 2026 nog online te zien zijn ? - gitesdewallonie.be","robots":{"index":"index","follow":"follow","max-snippet":"max-snippet:-1","max-image-preview":"max-image-preview:large","max-video-preview":"max-video-preview:-1"},"canonical":"https:\/\/gitesdewallonie.be\/nl\/aanpassing-regelgeving-20-mei\/","og_locale":"nl_NL","og_type":"article","og_title":"Zal uw accommodatie vanaf 20 mei 2026 nog online te zien zijn ?","og_description":"Zonder registratienummer kan uw accommodatie van platforms als Airbnb, Booking of Expedia verdwijnen. Wat er concreet verandert : Het negeren van deze verplichting kan u duur komen te staan ! Dit geldt voor u als\u2026 Als u ten minste \u00e9\u00e9n punt heeft aangevinkt, is het essentieel om uw situatie te controleren. Wat u absoluut moet [&hellip;]","og_url":"https:\/\/gitesdewallonie.be\/nl\/aanpassing-regelgeving-20-mei\/","og_site_name":"gitesdewallonie.be","article_publisher":"https:\/\/www.facebook.com\/GitesdeWallonie","article_modified_time":"2026-05-06T09:50:18+00:00","og_image":[{"width":940,"height":788,"url":"https:\/\/gitesdewallonie.be\/wp-content\/uploads\/2026\/05\/Pub-Reglement-europeen-NL.png","type":"image\/png"}],"twitter_card":"summary_large_image","twitter_misc":{"Est. reading time":"2 minutes"},"schema":{"@context":"https:\/\/schema.org","@graph":[{"@type":"WebPage","@id":"https:\/\/gitesdewallonie.be\/nl\/aanpassing-regelgeving-20-mei\/","url":"https:\/\/gitesdewallonie.be\/nl\/aanpassing-regelgeving-20-mei\/","name":"Zal uw accommodatie vanaf 20 mei 2026 nog online te zien zijn ? - gitesdewallonie.be","isPartOf":{"@id":"https:\/\/gitesdewallonie.be\/nl\/#website"},"primaryImageOfPage":{"@id":"https:\/\/gitesdewallonie.be\/nl\/aanpassing-regelgeving-20-mei\/#primaryimage"},"image":{"@id":"https:\/\/gitesdewallonie.be\/nl\/aanpassing-regelgeving-20-mei\/#primaryimage"},"thumbnailUrl":"https:\/\/gitesdewallonie.be\/wp-content\/uploads\/2026\/05\/Pub-Reglement-europeen-NL.png","datePublished":"2026-05-05T14:28:59+00:00","dateModified":"2026-05-06T09:50:18+00:00","breadcrumb":{"@id":"https:\/\/gitesdewallonie.be\/nl\/aanpassing-regelgeving-20-mei\/#breadcrumb"},"inLanguage":"nl-NL","potentialAction":[{"@type":"ReadAction","target":["https:\/\/gitesdewallonie.be\/nl\/aanpassing-regelgeving-20-mei\/"]}]},{"@type":"ImageObject","inLanguage":"nl-NL","@id":"https:\/\/gitesdewallonie.be\/nl\/aanpassing-regelgeving-20-mei\/#primaryimage","url":"https:\/\/gitesdewallonie.be\/wp-content\/uploads\/2026\/05\/Pub-Reglement-europeen-NL.png","contentUrl":"https:\/\/gitesdewallonie.be\/wp-content\/uploads\/2026\/05\/Pub-Reglement-europeen-NL.png"},{"@type":"BreadcrumbList","@id":"https:\/\/gitesdewallonie.be\/nl\/aanpassing-regelgeving-20-mei\/#breadcrumb","itemListElement":[{"@type":"ListItem","position":1,"name":"Accueil","item":"https:\/\/gitesdewallonie.be\/nl\/"},{"@type":"ListItem","position":2,"name":"Zal uw accommodatie vanaf 20 mei 2026 nog online te zien zijn ?"}]},{"@type":"WebSite","@id":"https:\/\/gitesdewallonie.be\/nl\/#website","url":"https:\/\/gitesdewallonie.be\/nl\/","name":"F\u00e9d\u00e9ration des G\u00eetes et Chambres d'h\u00f4tes de Wallonie","description":"","publisher":{"@id":"https:\/\/gitesdewallonie.be\/nl\/#organization"},"potentialAction":[{"@type":"SearchAction","target":{"@type":"EntryPoint","urlTemplate":"https:\/\/gitesdewallonie.be\/nl\/?s={search_term_string}"},"query-input":{"@type":"PropertyValueSpecification","valueRequired":true,"valueName":"search_term_string"}}],"inLanguage":"nl-NL"},{"@type":"Organization","@id":"https:\/\/gitesdewallonie.be\/nl\/#organization","name":"F\u00e9d\u00e9ration des G\u00eetes et Chambres d'h\u00f4tes de Wallonie","alternateName":"GDW","url":"https:\/\/gitesdewallonie.be\/nl\/","logo":{"@type":"ImageObject","inLanguage":"nl-NL","@id":"https:\/\/gitesdewallonie.be\/nl\/#\/schema\/logo\/image\/","url":"https:\/\/gitesdewallonie.be\/wp-content\/uploads\/2024\/08\/logo-gdw.svg","contentUrl":"https:\/\/gitesdewallonie.be\/wp-content\/uploads\/2024\/08\/logo-gdw.svg","caption":"F\u00e9d\u00e9ration des G\u00eetes et Chambres d'h\u00f4tes de Wallonie"},"image":{"@id":"https:\/\/gitesdewallonie.be\/nl\/#\/schema\/logo\/image\/"},"sameAs":["https:\/\/www.facebook.com\/GitesdeWallonie","https:\/\/www.instagram.com\/gitesdewallonie.be\/"]}]}},"_links":{"self":[{"href":"https:\/\/gitesdewallonie.be\/nl\/wp-json\/wp\/v2\/pages\/120093","targetHints":{"allow":["GET"]}}],"collection":[{"href":"https:\/\/gitesdewallonie.be\/nl\/wp-json\/wp\/v2\/pages"}],"about":[{"href":"https:\/\/gitesdewallonie.be\/nl\/wp-json\/wp\/v2\/types\/page"}],"author":[{"embeddable":true,"href":"https:\/\/gitesdewallonie.be\/nl\/wp-json\/wp\/v2\/users\/2"}],"replies":[{"embeddable":true,"href":"https:\/\/gitesdewallonie.be\/nl\/wp-json\/wp\/v2\/comments?post=120093"}],"version-history":[{"count":3,"href":"https:\/\/gitesdewallonie.be\/nl\/wp-json\/wp\/v2\/pages\/120093\/revisions"}],"predecessor-version":[{"id":120103,"href":"https:\/\/gitesdewallonie.be\/nl\/wp-json\/wp\/v2\/pages\/120093\/revisions\/120103"}],"wp:attachment":[{"href":"https:\/\/gitesdewallonie.be\/nl\/wp-json\/wp\/v2\/media?parent=120093"}],"curies":[{"name":"wp","href":"https:\/\/api.w.org\/{rel}","templated":true}]}}